{"id":227,"date":"2021-08-04T14:26:51","date_gmt":"2021-08-04T14:26:51","guid":{"rendered":"http:\/\/localhost:8888\/construction\/?page_id=227"},"modified":"2024-04-02T16:10:02","modified_gmt":"2024-04-02T14:10:02","slug":"kontaktujte-nas","status":"publish","type":"page","link":"https:\/\/www.travicka.sk\/index.php\/kontaktujte-nas\/","title":{"rendered":"KONTAKTUJTE N\u00c1S"},"content":{"rendered":"<div id=\"pl-227\"  class=\"panel-layout\" ><div id=\"pg-227-0\"  class=\"panel-grid panel-no-style\" ><div id=\"pgc-227-0-0\"  class=\"panel-grid-cell\" ><div id=\"panel-227-0-0-0\" class=\"so-panel widget widget_black-studio-tinymce widget_black_studio_tinymce panel-first-child panel-last-child\" data-index=\"0\" ><h3 class=\"widget-title\"><span class=\"light\">Nap\u00ed\u0161te<\/span> n\u00e1m pros\u00edm spr\u00e1vu <\/h3><div class=\"textwidget\"><p style=\"margin-bottom: 20px;\">Nev\u00e1hajte sa op\u00fdta\u0165 na ak\u00e9ko\u013evek ot\u00e1zky t\u00fdkaj\u00face sa na\u0161ej realistickej umelej tr\u00e1ve alebo slu\u017eieb, ktor\u00e9 pon\u00fakame telefonicky alebo n\u00e1s kontaktujte prostredn\u00edctvom n\u00e1\u0161ho kontaktn\u00e9ho formul\u00e1ra ni\u017e\u0161ie. Va\u0161a spr\u00e1va bude odoslan\u00e1 priamo na\u0161im zamestnancom, ktor\u00ed odpovedia hne\u010f, ako bud\u00fa m\u00f4c\u0165.<\/p>\n<p>\n<div class=\"wpcf7 no-js\" id=\"wpcf7-f630-o1\" lang=\"en-US\" dir=\"ltr\" data-wpcf7-id=\"630\">\n<div class=\"screen-reader-response\"><p role=\"status\" aria-live=\"polite\" aria-atomic=\"true\"><\/p> <ul><\/ul><\/div>\n<form action=\"\/index.php\/wp-json\/wp\/v2\/pages\/227#wpcf7-f630-o1\" method=\"post\" class=\"wpcf7-form init\" aria-label=\"Contact form\" novalidate=\"novalidate\" data-status=\"init\">\n<fieldset class=\"hidden-fields-container\"><input type=\"hidden\" name=\"_wpcf7\" value=\"630\" \/><input type=\"hidden\" name=\"_wpcf7_version\" value=\"6.1.5\" \/><input type=\"hidden\" name=\"_wpcf7_locale\" value=\"en_US\" \/><input type=\"hidden\" name=\"_wpcf7_unit_tag\" value=\"wpcf7-f630-o1\" \/><input type=\"hidden\" name=\"_wpcf7_container_post\" value=\"0\" \/><input type=\"hidden\" name=\"_wpcf7_posted_data_hash\" value=\"\" \/><input type=\"hidden\" name=\"_wpcf7_recaptcha_response\" value=\"\" \/>\n<\/fieldset>\n<div class=\"row\">\n\t<div class=\"col-xs-12 col-md-6\">\n\t\t<p><span>Meno a Priezvisko*<br \/>\n<span class=\"wpcf7-form-control-wrap\" data-name=\"your-name\"><input size=\"40\" maxlength=\"400\" class=\"wpcf7-form-control wpcf7-text wpcf7-validates-as-required\" aria-required=\"true\" aria-invalid=\"false\" placeholder=\"Meno a Priezvisko\" value=\"\" type=\"text\" name=\"your-name\" \/><\/span><\/span>\n\t\t<\/p>\n\t<\/div>\n\t<div class=\"col-xs-12 col-md-6\">\n\t\t<p><span>Va\u0161a Emailov\u00e1 adresa *<br \/>\n<span class=\"wpcf7-form-control-wrap\" data-name=\"your-email\"><input size=\"40\" maxlength=\"400\" class=\"wpcf7-form-control wpcf7-email wpcf7-validates-as-required wpcf7-text wpcf7-validates-as-email\" aria-required=\"true\" aria-invalid=\"false\" placeholder=\"E-mailov\u00e1 adresa\" value=\"\" type=\"email\" name=\"your-email\" \/><\/span><\/span>\n\t\t<\/p>\n\t<\/div>\n\t<div class=\"col-xs-12 col-md-6\">\n\t\t<p><span>Va\u0161a adresa<br \/>\n<span class=\"wpcf7-form-control-wrap\" data-name=\"your-address\"><input size=\"40\" maxlength=\"400\" class=\"wpcf7-form-control wpcf7-text\" aria-invalid=\"false\" placeholder=\"Va\u0161a adresa\" value=\"\" type=\"text\" name=\"your-address\" \/><\/span><\/span>\n\t\t<\/p>\n\t<\/div>\n\t<div class=\"col-xs-12 col-md-6\">\n\t\t<p><span>Spolo\u010dnos\u0165<br \/>\n<span class=\"wpcf7-form-control-wrap\" data-name=\"your-company\"><input size=\"40\" maxlength=\"400\" class=\"wpcf7-form-control wpcf7-text\" aria-invalid=\"false\" placeholder=\"Spolo\u010dnos\u0165\" value=\"\" type=\"text\" name=\"your-company\" \/><\/span><\/span>\n\t\t<\/p>\n\t<\/div>\n\t<div class=\"col-xs-12 col-md-6\">\n\t\t<p><span>Ako ste sa o n\u00e1\u0161 dozvedeli?<br \/>\n<span class=\"wpcf7-form-control-wrap\" data-name=\"ako-114\"><select class=\"wpcf7-form-control wpcf7-select\" id=\"ako\" aria-invalid=\"false\" name=\"ako-114\"><option value=\"Od zn\u00e1meho\">Od zn\u00e1meho<\/option><option value=\"Odpor\u00fa\u010danie\">Odpor\u00fa\u010danie<\/option><option value=\"Facebook\">Facebook<\/option><option value=\"Instagram\">Instagram<\/option><option value=\"Let\u00e1k\">Let\u00e1k<\/option><option value=\"In\u00e9\">In\u00e9<\/option><\/select><\/span><br \/>\n<\/span>\n\t\t<\/p>\n\t<\/div>\n\t<div class=\"col-xs-12 col-md-6\">\n\t\t<p><span>Kam m\u00e1te z\u00e1ujem umiestni\u0165 umel\u00fd tr\u00e1vnik?<br \/>\n<span class=\"wpcf7-form-control-wrap\" data-name=\"menu-703\"><select class=\"wpcf7-form-control wpcf7-select\" id=\"miesto\" aria-invalid=\"false\" name=\"menu-703\"><option value=\"Z\u00e1hrada\">Z\u00e1hrada<\/option><option value=\"Terasa\">Terasa<\/option><option value=\"Detsk\u00e9 ihrisko\">Detsk\u00e9 ihrisko<\/option><option value=\"Balk\u00f3n\">Balk\u00f3n<\/option><option value=\"Okolie firmy\">Okolie firmy<\/option><option value=\"Hrobov\u00e9 miesto\">Hrobov\u00e9 miesto<\/option><option value=\"Interi\u00e9r\">Interi\u00e9r<\/option><option value=\"Multifunk\u010dn\u00e9 ihrisko\">Multifunk\u010dn\u00e9 ihrisko<\/option><\/select><\/span><br \/>\n<\/span>\n\t\t<\/p>\n\t<\/div>\n\t<div class=\"col-xs-12 col-md-6\">\n\t\t<p><span>Predmet<br \/>\n<span class=\"wpcf7-form-control-wrap\" data-name=\"your-subject\"><input size=\"40\" maxlength=\"400\" class=\"wpcf7-form-control wpcf7-text\" aria-invalid=\"false\" placeholder=\"Predmet\" value=\"\" type=\"text\" name=\"your-subject\" \/><\/span><\/span>\n\t\t<\/p>\n\t<\/div>\n\t<div class=\"col-xs-12 col-md-6\">\n\t\t<p><span>Telef\u00f3n *<br \/>\n<span class=\"wpcf7-form-control-wrap\" data-name=\"phone-number\"><input size=\"40\" maxlength=\"400\" class=\"wpcf7-form-control wpcf7-tel wpcf7-text wpcf7-validates-as-tel\" aria-invalid=\"false\" placeholder=\"Telef\u00f3n\" value=\"\" type=\"tel\" name=\"phone-number\" \/><\/span><\/span>\n\t\t<\/p>\n\t<\/div>\n\t<div class=\"col-xs-12\">\n\t\t<p><span>Spr\u00e1va *<br \/>\n<span class=\"wpcf7-form-control-wrap\" data-name=\"your-message\"><textarea cols=\"40\" rows=\"10\" maxlength=\"2000\" class=\"wpcf7-form-control wpcf7-textarea wpcf7-validates-as-required\" aria-required=\"true\" aria-invalid=\"false\" placeholder=\"Nap\u00ed\u0161te spr\u00e1vu...\" name=\"your-message\"><\/textarea><\/span><\/span>\n\t\t<\/p>\n\t<\/div>\n\t<div class=\"col-xs-12\">\n\t\t<p><input class=\"wpcf7-form-control wpcf7-submit has-spinner btn btn-primary\" type=\"submit\" value=\"Odosla\u0165\" \/><br \/>\n<span class=\"info-text\">Polia ozna\u010den\u00e9 * s\u00fa povinn\u00e9<\/span>\n\t\t<\/p>\n\t<\/div>\n<\/div><p style=\"display: none !important;\" class=\"akismet-fields-container\" data-prefix=\"_wpcf7_ak_\"><label>&#916;<textarea name=\"_wpcf7_ak_hp_textarea\" cols=\"45\" rows=\"8\" maxlength=\"100\"><\/textarea><\/label><input type=\"hidden\" id=\"ak_js_1\" name=\"_wpcf7_ak_js\" value=\"114\"\/><script>document.getElementById( \"ak_js_1\" ).setAttribute( \"value\", ( new Date() ).getTime() );<\/script><\/p><div class=\"wpcf7-response-output\" aria-hidden=\"true\"><\/div>\n<\/form>\n<\/div>\n<\/p>\n<\/div><\/div><\/div><div id=\"pgc-227-0-1\"  class=\"panel-grid-cell\" ><div id=\"panel-227-0-1-0\" class=\"so-panel widget widget_black-studio-tinymce widget_black_studio_tinymce panel-first-child\" data-index=\"1\" ><div class=\"content-box panel-widget-style panel-widget-style-for-227-0-1-0\" ><h3 class=\"widget-title\"><span class=\"light\">Kontaktn\u00e9<\/span> \u00fadaje:<\/h3><div class=\"textwidget\"><p><strong>Tr\u00e1vi\u010dka, s.r.o.<\/strong><\/p>\n<p>Jarkov\u00e1 14<br \/>\n080 01 Pre\u0161ov<\/p>\n<p>Mobil:\u00a0<a href=\"tel:+421919070201\">+421 (0) 919 070 201<\/a><br \/>\nE-mail: <a href=\"mailto:obchod@travicka.sk\">obchod@travicka.sk<\/a><\/p>\n<\/div><\/div><\/div><div id=\"panel-227-0-1-1\" class=\"so-panel widget widget_black-studio-tinymce widget_black_studio_tinymce\" data-index=\"2\" ><div class=\"content-box panel-widget-style panel-widget-style-for-227-0-1-1\" ><h3 class=\"widget-title\"><span class=\"light\">Faktura\u010dn\u00e9<\/span> \u00fadaje:<\/h3><div class=\"textwidget\"><p><strong>Tr\u00e1vi\u010dka, s.r.o.<\/strong><\/p>\n<p>Jarkov\u00e1 14<br \/>\n080 01 Pre\u0161ov<\/p>\n<p>I\u010cO: 47658665<br \/>\nDI\u010c: 2024021109<br \/>\nI\u010c DPH: SK2024021109<\/p>\n<p>Spolo\u010dnos\u0165 zaregistrovan\u00e1 v o.r., Okresn\u00fd s\u00fad Ko\u0161ice, oddiel: Sro, Vlo\u017eka \u010d\u00edslo: 35133\/V so s\u00eddlom \u0160t\u00farova 29, 041 60 Ko\u0161ice. <\/p>\n<\/div><\/div><\/div><div id=\"panel-227-0-1-2\" class=\"so-panel widget widget_black-studio-tinymce widget_black_studio_tinymce panel-last-child\" data-index=\"3\" ><div class=\"content-box panel-widget-style panel-widget-style-for-227-0-1-2\" ><div class=\"textwidget\"><p><a href=\"https:\/\/www.travicka.sk\/wp-content\/uploads\/2024\/04\/travicka_qr_kontakt.svg\"><img loading=\"lazy\" decoding=\"async\" class=\" wp-image-8028 aligncenter\" src=\"https:\/\/www.travicka.sk\/wp-content\/uploads\/2024\/04\/qr_code_travicka_kontakt_01.svg\" alt=\"\" width=\"171\" height=\"171\" \/><\/a><\/p>\n<\/div><\/div><\/div><\/div><\/div><div id=\"pg-227-1\"  class=\"panel-grid panel-has-style\" ><div class=\"siteorigin-panels-stretch panel-row-style panel-row-style-for-227-1\" data-stretch-type=\"full-width-stretch\" ><div id=\"pgc-227-1-0\"  class=\"panel-grid-cell\" ><div id=\"panel-227-1-0-0\" class=\"so-panel widget widget_qt_google_map_iframe widget-google-map-iframe panel-first-child panel-last-child\" data-index=\"4\" >\n\t    \t<div class=\"qt-map-iframe\">\n\t\t\t\t<iframe loading=\"lazy\" frameborder=\"0\" title=\"Google Maps\" src=\"https:\/\/maps.google.com\/maps?f=q&source=s_q&hl=en&geocode=&q=Jarkov\u00e1+14&z=12&output=embed\" width=\"100%\" height=\"400px;\"><\/iframe>\n\t\t\t<\/div>\n\t\t\t\t\n\t\t\t<\/div><\/div><\/div><\/div><\/div>","protected":false},"excerpt":{"rendered":"<p>Curabitur sodales ligula in libero. Sed dignissim lacinia nunc. Curabitur tortor. Pellentesque nibh. Aenean quam. In scelerisque sem at dolor. Maecenas mattis. Sed convallis tristique sem. Proin ut ligula vel nunc egestas porttitor. Morbi lectus risus, iaculis vel, suscipit quis, luctus non, massa.<\/p>\n","protected":false},"author":1,"featured_media":7483,"parent":0,"menu_order":0,"comment_status":"closed","ping_status":"closed","template":"","meta":{"_acf_changed":false,"inline_featured_image":false,"footnotes":""},"class_list":["post-227","page","type-page","status-publish","has-post-thumbnail","hentry"],"acf":[],"yoast_head":"<!-- This site is optimized with the Yoast SEO plugin v27.2 - https:\/\/yoast.com\/product\/yoast-seo-wordpress\/ -->\n<title>KONTAKTUJTE N\u00c1S - Tr\u00e1vi\u010dka.sk | Realistick\u00e1 umel\u00e1 tr\u00e1va<\/title>\n<meta name=\"robots\" content=\"index, follow, max-snippet:-1, max-image-preview:large, max-video-preview:-1\" \/>\n<link rel=\"canonical\" href=\"https:\/\/www.travicka.sk\/index.php\/kontaktujte-nas\/\" \/>\n<meta property=\"og:locale\" content=\"sk_SK\" \/>\n<meta property=\"og:type\" content=\"article\" \/>\n<meta property=\"og:title\" content=\"KONTAKTUJTE N\u00c1S - Tr\u00e1vi\u010dka.sk | Realistick\u00e1 umel\u00e1 tr\u00e1va\" \/>\n<meta property=\"og:description\" content=\"Curabitur sodales ligula in libero. Sed dignissim lacinia nunc. Curabitur tortor. Pellentesque nibh. Aenean quam. In scelerisque sem at dolor. Maecenas mattis. Sed convallis tristique sem. Proin ut ligula vel nunc egestas porttitor. Morbi lectus risus, iaculis vel, suscipit quis, luctus non, massa.\" \/>\n<meta property=\"og:url\" content=\"https:\/\/www.travicka.sk\/index.php\/kontaktujte-nas\/\" \/>\n<meta property=\"og:site_name\" content=\"Tr\u00e1vi\u010dka.sk | Realistick\u00e1 umel\u00e1 tr\u00e1va\" \/>\n<meta property=\"article:modified_time\" content=\"2024-04-02T14:10:02+00:00\" \/>\n<meta name=\"twitter:card\" content=\"summary_large_image\" \/>\n<meta name=\"twitter:label1\" content=\"Predpokladan\u00fd \u010das \u010d\u00edtania\" \/>\n\t<meta name=\"twitter:data1\" content=\"2 min\u00faty\" \/>\n<script type=\"application\/ld+json\" class=\"yoast-schema-graph\">{\"@context\":\"https:\/\/schema.org\",\"@graph\":[{\"@type\":\"WebPage\",\"@id\":\"https:\/\/www.travicka.sk\/index.php\/kontaktujte-nas\/\",\"url\":\"https:\/\/www.travicka.sk\/index.php\/kontaktujte-nas\/\",\"name\":\"KONTAKTUJTE N\u00c1S - Tr\u00e1vi\u010dka.sk | Realistick\u00e1 umel\u00e1 tr\u00e1va\",\"isPartOf\":{\"@id\":\"https:\/\/www.travicka.sk\/#website\"},\"primaryImageOfPage\":{\"@id\":\"https:\/\/www.travicka.sk\/index.php\/kontaktujte-nas\/#primaryimage\"},\"image\":{\"@id\":\"https:\/\/www.travicka.sk\/index.php\/kontaktujte-nas\/#primaryimage\"},\"thumbnailUrl\":\"https:\/\/www.travicka.sk\/wp-content\/uploads\/2024\/03\/logo_travicka_sk_new1.svg\",\"datePublished\":\"2021-08-04T14:26:51+00:00\",\"dateModified\":\"2024-04-02T14:10:02+00:00\",\"breadcrumb\":{\"@id\":\"https:\/\/www.travicka.sk\/index.php\/kontaktujte-nas\/#breadcrumb\"},\"inLanguage\":\"sk-SK\",\"potentialAction\":[{\"@type\":\"ReadAction\",\"target\":[\"https:\/\/www.travicka.sk\/index.php\/kontaktujte-nas\/\"]}]},{\"@type\":\"ImageObject\",\"inLanguage\":\"sk-SK\",\"@id\":\"https:\/\/www.travicka.sk\/index.php\/kontaktujte-nas\/#primaryimage\",\"url\":\"https:\/\/www.travicka.sk\/wp-content\/uploads\/2024\/03\/logo_travicka_sk_new1.svg\",\"contentUrl\":\"https:\/\/www.travicka.sk\/wp-content\/uploads\/2024\/03\/logo_travicka_sk_new1.svg\",\"width\":228,\"height\":90},{\"@type\":\"BreadcrumbList\",\"@id\":\"https:\/\/www.travicka.sk\/index.php\/kontaktujte-nas\/#breadcrumb\",\"itemListElement\":[{\"@type\":\"ListItem\",\"position\":1,\"name\":\"Domovsk\u00e1 str\u00e1nka\",\"item\":\"https:\/\/www.travicka.sk\/\"},{\"@type\":\"ListItem\",\"position\":2,\"name\":\"KONTAKTUJTE N\u00c1S\"}]},{\"@type\":\"WebSite\",\"@id\":\"https:\/\/www.travicka.sk\/#website\",\"url\":\"https:\/\/www.travicka.sk\/\",\"name\":\"Tr\u00e1vi\u010dka.sk | Realistick\u00e1 umel\u00e1 tr\u00e1va\",\"description\":\"\",\"potentialAction\":[{\"@type\":\"SearchAction\",\"target\":{\"@type\":\"EntryPoint\",\"urlTemplate\":\"https:\/\/www.travicka.sk\/?s={search_term_string}\"},\"query-input\":{\"@type\":\"PropertyValueSpecification\",\"valueRequired\":true,\"valueName\":\"search_term_string\"}}],\"inLanguage\":\"sk-SK\"}]}<\/script>\n<!-- \/ Yoast SEO plugin. -->","yoast_head_json":{"title":"KONTAKTUJTE N\u00c1S - Tr\u00e1vi\u010dka.sk | Realistick\u00e1 umel\u00e1 tr\u00e1va","robots":{"index":"index","follow":"follow","max-snippet":"max-snippet:-1","max-image-preview":"max-image-preview:large","max-video-preview":"max-video-preview:-1"},"canonical":"https:\/\/www.travicka.sk\/index.php\/kontaktujte-nas\/","og_locale":"sk_SK","og_type":"article","og_title":"KONTAKTUJTE N\u00c1S - Tr\u00e1vi\u010dka.sk | Realistick\u00e1 umel\u00e1 tr\u00e1va","og_description":"Curabitur sodales ligula in libero. Sed dignissim lacinia nunc. Curabitur tortor. Pellentesque nibh. Aenean quam. In scelerisque sem at dolor. Maecenas mattis. Sed convallis tristique sem. Proin ut ligula vel nunc egestas porttitor. Morbi lectus risus, iaculis vel, suscipit quis, luctus non, massa.","og_url":"https:\/\/www.travicka.sk\/index.php\/kontaktujte-nas\/","og_site_name":"Tr\u00e1vi\u010dka.sk | Realistick\u00e1 umel\u00e1 tr\u00e1va","article_modified_time":"2024-04-02T14:10:02+00:00","twitter_card":"summary_large_image","twitter_misc":{"Predpokladan\u00fd \u010das \u010d\u00edtania":"2 min\u00faty"},"schema":{"@context":"https:\/\/schema.org","@graph":[{"@type":"WebPage","@id":"https:\/\/www.travicka.sk\/index.php\/kontaktujte-nas\/","url":"https:\/\/www.travicka.sk\/index.php\/kontaktujte-nas\/","name":"KONTAKTUJTE N\u00c1S - Tr\u00e1vi\u010dka.sk | Realistick\u00e1 umel\u00e1 tr\u00e1va","isPartOf":{"@id":"https:\/\/www.travicka.sk\/#website"},"primaryImageOfPage":{"@id":"https:\/\/www.travicka.sk\/index.php\/kontaktujte-nas\/#primaryimage"},"image":{"@id":"https:\/\/www.travicka.sk\/index.php\/kontaktujte-nas\/#primaryimage"},"thumbnailUrl":"https:\/\/www.travicka.sk\/wp-content\/uploads\/2024\/03\/logo_travicka_sk_new1.svg","datePublished":"2021-08-04T14:26:51+00:00","dateModified":"2024-04-02T14:10:02+00:00","breadcrumb":{"@id":"https:\/\/www.travicka.sk\/index.php\/kontaktujte-nas\/#breadcrumb"},"inLanguage":"sk-SK","potentialAction":[{"@type":"ReadAction","target":["https:\/\/www.travicka.sk\/index.php\/kontaktujte-nas\/"]}]},{"@type":"ImageObject","inLanguage":"sk-SK","@id":"https:\/\/www.travicka.sk\/index.php\/kontaktujte-nas\/#primaryimage","url":"https:\/\/www.travicka.sk\/wp-content\/uploads\/2024\/03\/logo_travicka_sk_new1.svg","contentUrl":"https:\/\/www.travicka.sk\/wp-content\/uploads\/2024\/03\/logo_travicka_sk_new1.svg","width":228,"height":90},{"@type":"BreadcrumbList","@id":"https:\/\/www.travicka.sk\/index.php\/kontaktujte-nas\/#breadcrumb","itemListElement":[{"@type":"ListItem","position":1,"name":"Domovsk\u00e1 str\u00e1nka","item":"https:\/\/www.travicka.sk\/"},{"@type":"ListItem","position":2,"name":"KONTAKTUJTE N\u00c1S"}]},{"@type":"WebSite","@id":"https:\/\/www.travicka.sk\/#website","url":"https:\/\/www.travicka.sk\/","name":"Tr\u00e1vi\u010dka.sk | Realistick\u00e1 umel\u00e1 tr\u00e1va","description":"","potentialAction":[{"@type":"SearchAction","target":{"@type":"EntryPoint","urlTemplate":"https:\/\/www.travicka.sk\/?s={search_term_string}"},"query-input":{"@type":"PropertyValueSpecification","valueRequired":true,"valueName":"search_term_string"}}],"inLanguage":"sk-SK"}]}},"_links":{"self":[{"href":"https:\/\/www.travicka.sk\/index.php\/wp-json\/wp\/v2\/pages\/227","targetHints":{"allow":["GET"]}}],"collection":[{"href":"https:\/\/www.travicka.sk\/index.php\/wp-json\/wp\/v2\/pages"}],"about":[{"href":"https:\/\/www.travicka.sk\/index.php\/wp-json\/wp\/v2\/types\/page"}],"author":[{"embeddable":true,"href":"https:\/\/www.travicka.sk\/index.php\/wp-json\/wp\/v2\/users\/1"}],"replies":[{"embeddable":true,"href":"https:\/\/www.travicka.sk\/index.php\/wp-json\/wp\/v2\/comments?post=227"}],"version-history":[{"count":24,"href":"https:\/\/www.travicka.sk\/index.php\/wp-json\/wp\/v2\/pages\/227\/revisions"}],"predecessor-version":[{"id":8029,"href":"https:\/\/www.travicka.sk\/index.php\/wp-json\/wp\/v2\/pages\/227\/revisions\/8029"}],"wp:featuredmedia":[{"embeddable":true,"href":"https:\/\/www.travicka.sk\/index.php\/wp-json\/wp\/v2\/media\/7483"}],"wp:attachment":[{"href":"https:\/\/www.travicka.sk\/index.php\/wp-json\/wp\/v2\/media?parent=227"}],"curies":[{"name":"wp","href":"https:\/\/api.w.org\/{rel}","templated":true}]}}