{"id":3676,"date":"2015-09-10T22:26:00","date_gmt":"2015-09-10T22:26:00","guid":{"rendered":"https:\/\/export-demos.qreativethemes.com\/thelandscaper\/services\/\/?page_id=3676"},"modified":"2015-09-10T22:26:00","modified_gmt":"2015-09-10T22:26:00","slug":"gallery-no-filter","status":"publish","type":"page","link":"https:\/\/www.travicka.sk\/index.php\/umely-travnik-galeria\/gallery-no-filter\/","title":{"rendered":"Gallery No Filter"},"content":{"rendered":"<div id=\"pl-3676\"  class=\"panel-layout\" ><div id=\"pg-3676-0\"  class=\"panel-grid panel-no-style\" ><div id=\"pgc-3676-0-0\"  class=\"panel-grid-cell\" ><div id=\"panel-3676-0-0-0\" class=\"so-panel widget widget_ess-grid-widget widget_ess_grid panel-first-child panel-last-child\" data-index=\"0\" ><\/div><\/div><\/div><\/div>","protected":false},"excerpt":{"rendered":"","protected":false},"author":1,"featured_media":0,"parent":160,"menu_order":0,"comment_status":"closed","ping_status":"closed","template":"","meta":{"_acf_changed":false,"inline_featured_image":false,"footnotes":""},"class_list":["post-3676","page","type-page","status-publish","hentry"],"acf":[],"yoast_head":"<!-- This site is optimized with the Yoast SEO plugin v27.2 - https:\/\/yoast.com\/product\/yoast-seo-wordpress\/ -->\n<title>Gallery No Filter - Tr\u00e1vi\u010dka.sk | Realistick\u00e1 umel\u00e1 tr\u00e1va<\/title>\n<meta name=\"robots\" content=\"index, follow, max-snippet:-1, max-image-preview:large, max-video-preview:-1\" \/>\n<link rel=\"canonical\" href=\"https:\/\/www.travicka.sk\/index.php\/umely-travnik-galeria\/gallery-no-filter\/\" \/>\n<meta property=\"og:locale\" content=\"sk_SK\" \/>\n<meta property=\"og:type\" content=\"article\" \/>\n<meta property=\"og:title\" content=\"Gallery No Filter - Tr\u00e1vi\u010dka.sk | Realistick\u00e1 umel\u00e1 tr\u00e1va\" \/>\n<meta property=\"og:url\" content=\"https:\/\/www.travicka.sk\/index.php\/umely-travnik-galeria\/gallery-no-filter\/\" \/>\n<meta property=\"og:site_name\" content=\"Tr\u00e1vi\u010dka.sk | Realistick\u00e1 umel\u00e1 tr\u00e1va\" \/>\n<meta name=\"twitter:card\" content=\"summary_large_image\" \/>\n<script type=\"application\/ld+json\" class=\"yoast-schema-graph\">{\"@context\":\"https:\/\/schema.org\",\"@graph\":[{\"@type\":\"WebPage\",\"@id\":\"https:\/\/www.travicka.sk\/index.php\/umely-travnik-galeria\/gallery-no-filter\/\",\"url\":\"https:\/\/www.travicka.sk\/index.php\/umely-travnik-galeria\/gallery-no-filter\/\",\"name\":\"Gallery No Filter - Tr\u00e1vi\u010dka.sk | Realistick\u00e1 umel\u00e1 tr\u00e1va\",\"isPartOf\":{\"@id\":\"https:\/\/www.travicka.sk\/#website\"},\"datePublished\":\"2015-09-10T22:26:00+00:00\",\"breadcrumb\":{\"@id\":\"https:\/\/www.travicka.sk\/index.php\/umely-travnik-galeria\/gallery-no-filter\/#breadcrumb\"},\"inLanguage\":\"sk-SK\",\"potentialAction\":[{\"@type\":\"ReadAction\",\"target\":[\"https:\/\/www.travicka.sk\/index.php\/umely-travnik-galeria\/gallery-no-filter\/\"]}]},{\"@type\":\"BreadcrumbList\",\"@id\":\"https:\/\/www.travicka.sk\/index.php\/umely-travnik-galeria\/gallery-no-filter\/#breadcrumb\",\"itemListElement\":[{\"@type\":\"ListItem\",\"position\":1,\"name\":\"Domovsk\u00e1 str\u00e1nka\",\"item\":\"https:\/\/www.travicka.sk\/\"},{\"@type\":\"ListItem\",\"position\":2,\"name\":\"UMEL\u00dd TR\u00c1VNIK &#8211; GAL\u00c9RIA\",\"item\":\"https:\/\/www.travicka.sk\/index.php\/umely-travnik-galeria\/\"},{\"@type\":\"ListItem\",\"position\":3,\"name\":\"Gallery No Filter\"}]},{\"@type\":\"WebSite\",\"@id\":\"https:\/\/www.travicka.sk\/#website\",\"url\":\"https:\/\/www.travicka.sk\/\",\"name\":\"Tr\u00e1vi\u010dka.sk | Realistick\u00e1 umel\u00e1 tr\u00e1va\",\"description\":\"\",\"potentialAction\":[{\"@type\":\"SearchAction\",\"target\":{\"@type\":\"EntryPoint\",\"urlTemplate\":\"https:\/\/www.travicka.sk\/?s={search_term_string}\"},\"query-input\":{\"@type\":\"PropertyValueSpecification\",\"valueRequired\":true,\"valueName\":\"search_term_string\"}}],\"inLanguage\":\"sk-SK\"}]}<\/script>\n<!-- \/ Yoast SEO plugin. -->","yoast_head_json":{"title":"Gallery No Filter - Tr\u00e1vi\u010dka.sk | Realistick\u00e1 umel\u00e1 tr\u00e1va","robots":{"index":"index","follow":"follow","max-snippet":"max-snippet:-1","max-image-preview":"max-image-preview:large","max-video-preview":"max-video-preview:-1"},"canonical":"https:\/\/www.travicka.sk\/index.php\/umely-travnik-galeria\/gallery-no-filter\/","og_locale":"sk_SK","og_type":"article","og_title":"Gallery No Filter - Tr\u00e1vi\u010dka.sk | Realistick\u00e1 umel\u00e1 tr\u00e1va","og_url":"https:\/\/www.travicka.sk\/index.php\/umely-travnik-galeria\/gallery-no-filter\/","og_site_name":"Tr\u00e1vi\u010dka.sk | Realistick\u00e1 umel\u00e1 tr\u00e1va","twitter_card":"summary_large_image","schema":{"@context":"https:\/\/schema.org","@graph":[{"@type":"WebPage","@id":"https:\/\/www.travicka.sk\/index.php\/umely-travnik-galeria\/gallery-no-filter\/","url":"https:\/\/www.travicka.sk\/index.php\/umely-travnik-galeria\/gallery-no-filter\/","name":"Gallery No Filter - Tr\u00e1vi\u010dka.sk | Realistick\u00e1 umel\u00e1 tr\u00e1va","isPartOf":{"@id":"https:\/\/www.travicka.sk\/#website"},"datePublished":"2015-09-10T22:26:00+00:00","breadcrumb":{"@id":"https:\/\/www.travicka.sk\/index.php\/umely-travnik-galeria\/gallery-no-filter\/#breadcrumb"},"inLanguage":"sk-SK","potentialAction":[{"@type":"ReadAction","target":["https:\/\/www.travicka.sk\/index.php\/umely-travnik-galeria\/gallery-no-filter\/"]}]},{"@type":"BreadcrumbList","@id":"https:\/\/www.travicka.sk\/index.php\/umely-travnik-galeria\/gallery-no-filter\/#breadcrumb","itemListElement":[{"@type":"ListItem","position":1,"name":"Domovsk\u00e1 str\u00e1nka","item":"https:\/\/www.travicka.sk\/"},{"@type":"ListItem","position":2,"name":"UMEL\u00dd TR\u00c1VNIK &#8211; GAL\u00c9RIA","item":"https:\/\/www.travicka.sk\/index.php\/umely-travnik-galeria\/"},{"@type":"ListItem","position":3,"name":"Gallery No Filter"}]},{"@type":"WebSite","@id":"https:\/\/www.travicka.sk\/#website","url":"https:\/\/www.travicka.sk\/","name":"Tr\u00e1vi\u010dka.sk | Realistick\u00e1 umel\u00e1 tr\u00e1va","description":"","potentialAction":[{"@type":"SearchAction","target":{"@type":"EntryPoint","urlTemplate":"https:\/\/www.travicka.sk\/?s={search_term_string}"},"query-input":{"@type":"PropertyValueSpecification","valueRequired":true,"valueName":"search_term_string"}}],"inLanguage":"sk-SK"}]}},"_links":{"self":[{"href":"https:\/\/www.travicka.sk\/index.php\/wp-json\/wp\/v2\/pages\/3676","targetHints":{"allow":["GET"]}}],"collection":[{"href":"https:\/\/www.travicka.sk\/index.php\/wp-json\/wp\/v2\/pages"}],"about":[{"href":"https:\/\/www.travicka.sk\/index.php\/wp-json\/wp\/v2\/types\/page"}],"author":[{"embeddable":true,"href":"https:\/\/www.travicka.sk\/index.php\/wp-json\/wp\/v2\/users\/1"}],"replies":[{"embeddable":true,"href":"https:\/\/www.travicka.sk\/index.php\/wp-json\/wp\/v2\/comments?post=3676"}],"version-history":[{"count":0,"href":"https:\/\/www.travicka.sk\/index.php\/wp-json\/wp\/v2\/pages\/3676\/revisions"}],"up":[{"embeddable":true,"href":"https:\/\/www.travicka.sk\/index.php\/wp-json\/wp\/v2\/pages\/160"}],"wp:attachment":[{"href":"https:\/\/www.travicka.sk\/index.php\/wp-json\/wp\/v2\/media?parent=3676"}],"curies":[{"name":"wp","href":"https:\/\/api.w.org\/{rel}","templated":true}]}}