{"id":670,"date":"2015-07-22T16:37:29","date_gmt":"2015-07-22T16:37:29","guid":{"rendered":"http:\/\/localhost:8888\/construction\/?page_id=670"},"modified":"2024-03-15T21:18:45","modified_gmt":"2024-03-15T20:18:45","slug":"zaruka-umela-trava","status":"publish","type":"page","link":"https:\/\/www.travicka.sk\/index.php\/zaruka-umela-trava\/","title":{"rendered":"Z\u00c1RUKA &#8211; UMEL\u00c1 TR\u00c1VA"},"content":{"rendered":"<div id=\"pl-670\"  class=\"panel-layout\" ><div id=\"pg-670-0\"  class=\"panel-grid panel-no-style\" ><div id=\"pgc-670-0-0\"  class=\"panel-grid-cell\" ><div id=\"panel-670-0-0-0\" class=\"so-panel widget widget_black-studio-tinymce widget_black_studio_tinymce panel-first-child panel-last-child\" data-index=\"0\" ><div class=\"textwidget\"><p><span style=\"color: #a2c046; font-size: 15px;\"><b>V\u00ddROBCA DECORGRASS<\/b><\/span><\/p>\n<p>pon\u00faka na svoje v\u00fdrobky z\u00e1ruku 6 a\u017e 10 rokov. Z\u00e1ruka sa vz\u0165ahuje na zmenu zafarbenia tr\u00e1vy a na degrad\u00e1ciu vl\u00e1kien vplyvom UV \u017eiarenia. D\u013a\u017eka z\u00e1ruky je v z\u00e1vislosti na intenzite slnka v mieste in\u0161tal\u00e1cie. Pri rozsahu sol\u00e1rnej aktivity 0-200 w\/m2 a DIN 53387 \u2265 6000 hod (v z\u00e1vislosti od klimatickej oblasti) je garantovan\u00e9, \u017ee pru\u017enos\u0165 tr\u00e1vov\u00e9ho vl\u00e1kna bude dosahova\u0165 minim\u00e1lne 50% jej p\u00f4vodnej hodnoty. Z\u00e1ruka je garantovan\u00e1 v\u00fdrobcom umel\u00fdch vl\u00e1kien, DecorGrass.<\/p>\n<p><span style=\"color: #a2c046; font-size: 15px;\"><b>PRE UPLATNENIE Z\u00c1RUKY SA VY\u017dADUJE:<\/b><\/span><\/p>\n<ul>\n<li>ulo\u017eenie tr\u00e1vnika na kvalifikovan\u00fd podklad a pou\u017eitie spr\u00e1vneho in\u0161tala\u010dn\u00e9ho materi\u00e1lu ( geotext\u00edlia, spojovacia p\u00e1ska, lepidlo, kliny... )<\/li>\n<\/ul>\n<p><strong><span style=\"color: #a2c046; font-size: 15px;\"><b>Z\u00c1RUKA SA NEVZ\u0164AHUJE NA:\u00a0<\/b><\/span><\/strong><\/p>\n<ul>\n<li>ak sa umel\u00fd tr\u00e1vnik sa pou\u017e\u00edva pre in\u00e9 \u00fa\u010dely ne\u017e ako pokr\u00fdvka zeme alebo terasy.<\/li>\n<li>ak do\u0161lo k po\u0161kodeniu tr\u00e1vy neodborn\u00fdm z\u00e1sahom pri kladen\u00ed alebo \u00fadr\u017ebe.<\/li>\n<\/ul>\n<\/div><\/div><\/div><div id=\"pgc-670-0-1\"  class=\"panel-grid-cell\" ><div id=\"panel-670-0-1-0\" class=\"so-panel widget widget_media_image panel-first-child\" data-index=\"1\" ><a href=\"https:\/\/www.travicka.sk\/wp-content\/uploads\/2024\/03\/travicka_sk_zaruka.png\"><img loading=\"lazy\" decoding=\"async\" width=\"1992\" height=\"1055\" src=\"https:\/\/www.travicka.sk\/wp-content\/uploads\/2024\/03\/travicka_sk_zaruka.png\" class=\"image wp-image-7633  attachment-full size-full\" alt=\"\" style=\"max-width: 100%; height: auto;\" srcset=\"https:\/\/www.travicka.sk\/wp-content\/uploads\/2024\/03\/travicka_sk_zaruka.png 1992w, https:\/\/www.travicka.sk\/wp-content\/uploads\/2024\/03\/travicka_sk_zaruka-300x159.png 300w, https:\/\/www.travicka.sk\/wp-content\/uploads\/2024\/03\/travicka_sk_zaruka-1024x542.png 1024w, https:\/\/www.travicka.sk\/wp-content\/uploads\/2024\/03\/travicka_sk_zaruka-768x407.png 768w, https:\/\/www.travicka.sk\/wp-content\/uploads\/2024\/03\/travicka_sk_zaruka-1536x813.png 1536w, https:\/\/www.travicka.sk\/wp-content\/uploads\/2024\/03\/travicka_sk_zaruka-600x318.png 600w\" sizes=\"auto, (max-width: 1992px) 100vw, 1992px\" \/><\/a><\/div><div id=\"panel-670-0-1-1\" class=\"so-panel widget widget_media_image panel-last-child\" data-index=\"2\" ><a href=\"https:\/\/www.travicka.sk\/wp-content\/uploads\/2024\/03\/travicka_sk_zaruka_.png\"><img loading=\"lazy\" decoding=\"async\" width=\"1992\" height=\"1055\" src=\"https:\/\/www.travicka.sk\/wp-content\/uploads\/2024\/03\/travicka_sk_zaruka_.png\" class=\"image wp-image-7635  attachment-full size-full\" alt=\"\" style=\"max-width: 100%; height: auto;\" srcset=\"https:\/\/www.travicka.sk\/wp-content\/uploads\/2024\/03\/travicka_sk_zaruka_.png 1992w, https:\/\/www.travicka.sk\/wp-content\/uploads\/2024\/03\/travicka_sk_zaruka_-300x159.png 300w, https:\/\/www.travicka.sk\/wp-content\/uploads\/2024\/03\/travicka_sk_zaruka_-1024x542.png 1024w, https:\/\/www.travicka.sk\/wp-content\/uploads\/2024\/03\/travicka_sk_zaruka_-768x407.png 768w, https:\/\/www.travicka.sk\/wp-content\/uploads\/2024\/03\/travicka_sk_zaruka_-1536x813.png 1536w, https:\/\/www.travicka.sk\/wp-content\/uploads\/2024\/03\/travicka_sk_zaruka_-600x318.png 600w\" sizes=\"auto, (max-width: 1992px) 100vw, 1992px\" \/><\/a><\/div><\/div><\/div><div id=\"pg-670-1\"  class=\"panel-grid panel-no-style\" ><div id=\"pgc-670-1-0\"  class=\"panel-grid-cell\" ><div id=\"panel-670-1-0-0\" class=\"so-panel widget widget_black-studio-tinymce widget_black_studio_tinymce panel-first-child panel-last-child\" data-index=\"3\" ><div class=\"textwidget\"><p><a href=\"https:\/\/export-xml.qreativethemes.com\/thelandscaper\/wp-content\/uploads\/sites\/2\/2015\/07\/img_divider.png\"><img loading=\"lazy\" decoding=\"async\" class=\"size-full wp-image-6403 aligncenter\" src=\"https:\/\/export-xml.qreativethemes.com\/thelandscaper\/wp-content\/uploads\/sites\/2\/2015\/07\/img_divider.png\" alt=\"img_divider\" width=\"1128\" height=\"14\" srcset=\"https:\/\/www.travicka.sk\/wp-content\/uploads\/2015\/07\/img_divider.png 1128w, https:\/\/www.travicka.sk\/wp-content\/uploads\/2015\/07\/img_divider-600x7.png 600w\" sizes=\"auto, (max-width: 1128px) 100vw, 1128px\" \/><\/a><\/p>\n<\/div><\/div><\/div><\/div><div id=\"pg-670-2\"  class=\"panel-grid panel-no-style\" ><div id=\"pgc-670-2-0\"  class=\"panel-grid-cell\" ><div id=\"panel-670-2-0-0\" class=\"so-panel widget widget_black-studio-tinymce widget_black_studio_tinymce panel-first-child panel-last-child\" data-index=\"4\" ><div class=\"textwidget\"><p><span style=\"color: #a2c046; font-size: 15px;\"><b>AK PO\u0160KODENIE SP\u00d4SOBILI:<\/b><\/span><\/p>\n<ol>\n<li style=\"list-style-type: none;\">\n<ul>\n<li>ohe\u0148, p\u00f4sobenie hrubej sily, nehody, vandalizmus, nedbanliv\u00e9 zaobch\u00e1dzanie<\/li>\n<li>pou\u017eitie necertifikovanej v\u00fdplne tr\u00e1vnika, resp. nedodr\u017ean\u00edm jej v\u00fd\u0161ky (ak bola pou\u017eit\u00e1)<\/li>\n<li>\u010dinnos\u0165, ktor\u00e1 sa nezhoduje s \u00fa\u010delom, na ktor\u00fd je tr\u00e1vnik ur\u010den\u00fd<\/li>\n<li>pou\u017eitie nespr\u00e1vnych \u010distiacich met\u00f3d alebo agres\u00edvnych \u010distiacich prostriedkov, herbic\u00eddov a insektic\u00eddov<\/li>\n<li>teploty nad 75\u00b0 C<\/li>\n<li>chyby pri udr\u017eovan\u00ed, o\u0161etrovan\u00ed a oprav\u00e1ch tr\u00e1vnika<\/li>\n<li>vy\u0161\u0161ia moc a \u010fal\u0161ie pr\u00edpady, ke\u010f nie je mo\u017en\u00e9 presne zisti\u0165 d\u00f4vod po\u0161kodenia<\/li>\n<\/ul>\n<\/li>\n<\/ol>\n<p>Pod vplyvom tepla, chladu a UV \u017eiarenia doch\u00e1dza u umelej tr\u00e1vy k jej roz\u0161irovaniu a zmr\u0161\u0165ovaniu.<br \/>\nTo je ovplyvnen\u00e9 z\u00e1kladom, na ktorom je umel\u00e1 tr\u00e1va nain\u0161talovan\u00e1.<br \/>\nRoz\u0161\u00edrenie a \/ alebo zmr\u0161tenie nepresahuje 1 %, \u010do spad\u00e1 do dovolen\u00e9ho limitu.<\/p>\n<p>Ka\u017ed\u00fd produkt sa u\u017e\u00edvan\u00edm opotrebov\u00e1va, to plat\u00ed aj o umelom tr\u00e1vniku.<br \/>\nRozsah opotrebovania \u00fazko s\u00favis\u00ed so sp\u00f4sobom a intenzitou, ktor\u00fdmi sa umel\u00fd tr\u00e1vnik pou\u017e\u00edva.<br \/>\nTo znamen\u00e1, \u017ee z\u00e1ruka podlieha amortiza\u010dn\u00e9mu faktoru.<\/p>\n<\/div><\/div><\/div><div id=\"pgc-670-2-1\"  class=\"panel-grid-cell\" ><div id=\"panel-670-2-1-0\" class=\"so-panel widget widget_black-studio-tinymce widget_black_studio_tinymce panel-first-child\" data-index=\"5\" ><div class=\"textwidget\"><p><span style=\"color: #a2c046; font-size: 15px;\"><b><u>PRE UPLATNENIE Z\u00c1RUKY SA VY\u017dADUJE:<\/u><\/b><\/span><\/p>\n<ul>\n<li>predlo\u017eenie potvrden\u00e9ho certifik\u00e1tu o dod\u00e1vke, in\u0161tal\u00e1cii a servise umel\u00e9ho tr\u00e1vnika.\u00a0<a href=\"https:\/\/www.travicka.sk\/index.php\/dohodnite-si-schodzku\/\" rel=\"gallery\" data-lightbox=\"image\">Certifik\u00e1t<\/a><\/li>\n<li>ulo\u017eenie tr\u00e1vnika na kvalifikovan\u00fd podklad a pou\u017eitie spr\u00e1vneho in\u0161tala\u010dn\u00e9ho materi\u00e1lu<br \/>\n( geotext\u00edlia, spojovacia p\u00e1ska, lepidlo, kliny... )<\/li>\n<li>Z\u00e1ruka sa nevz\u0165ahuje na in\u0161tal\u00e1ciu alebo \u010fal\u0161ie z\u00e1ru\u010dn\u00e9 podmienky, ak boli poskytnut\u00e9 na\u0161imi predajcami.<\/li>\n<\/ul>\n<\/div><\/div><div id=\"panel-670-2-1-1\" class=\"so-panel widget widget_media_image panel-last-child\" data-index=\"6\" ><a href=\"https:\/\/www.travicka.sk\/wp-content\/uploads\/2024\/03\/mate_otazky_travicka_sk_hotline_.png\"><img loading=\"lazy\" decoding=\"async\" width=\"1356\" height=\"900\" src=\"https:\/\/www.travicka.sk\/wp-content\/uploads\/2024\/03\/mate_otazky_travicka_sk_hotline_.png\" class=\"image wp-image-7880  attachment-full size-full\" alt=\"\" style=\"max-width: 100%; height: auto;\" srcset=\"https:\/\/www.travicka.sk\/wp-content\/uploads\/2024\/03\/mate_otazky_travicka_sk_hotline_.png 1356w, https:\/\/www.travicka.sk\/wp-content\/uploads\/2024\/03\/mate_otazky_travicka_sk_hotline_-300x199.png 300w, https:\/\/www.travicka.sk\/wp-content\/uploads\/2024\/03\/mate_otazky_travicka_sk_hotline_-1024x680.png 1024w, https:\/\/www.travicka.sk\/wp-content\/uploads\/2024\/03\/mate_otazky_travicka_sk_hotline_-768x510.png 768w, https:\/\/www.travicka.sk\/wp-content\/uploads\/2024\/03\/mate_otazky_travicka_sk_hotline_-360x240.png 360w, https:\/\/www.travicka.sk\/wp-content\/uploads\/2024\/03\/mate_otazky_travicka_sk_hotline_-600x398.png 600w, https:\/\/www.travicka.sk\/wp-content\/uploads\/2024\/03\/mate_otazky_travicka_sk_hotline_-272x182.png 272w\" sizes=\"auto, (max-width: 1356px) 100vw, 1356px\" \/><\/a><\/div><\/div><\/div><\/div>","protected":false},"excerpt":{"rendered":"<p>V\u00ddROBCA DECORGRASS pon\u00faka na svoje v\u00fdrobky z\u00e1ruku 6 a\u017e 10 rokov. Z\u00e1ruka sa vz\u0165ahuje na zmenu zafarbenia tr\u00e1vy a na degrad\u00e1ciu vl\u00e1kien vplyvom UV \u017eiarenia. D\u013a\u017eka z\u00e1ruky je v z\u00e1vislosti na intenzite slnka v mieste in\u0161tal\u00e1cie. Pri rozsahu sol\u00e1rnej aktivity 0-200 w\/m2 a DIN 53387 \u2265 6000 hod (v z\u00e1vislosti od klimatickej oblasti) je garantovan\u00e9, [&hellip;]<\/p>\n","protected":false},"author":1,"featured_media":6865,"parent":0,"menu_order":0,"comment_status":"closed","ping_status":"closed","template":"","meta":{"_acf_changed":false,"inline_featured_image":false,"footnotes":""},"class_list":["post-670","page","type-page","status-publish","has-post-thumbnail","hentry"],"acf":[],"yoast_head":"<!-- This site is optimized with the Yoast SEO plugin v27.2 - https:\/\/yoast.com\/product\/yoast-seo-wordpress\/ -->\n<title>Z\u00c1RUKA - UMEL\u00c1 TR\u00c1VA - Tr\u00e1vi\u010dka.sk | Realistick\u00e1 umel\u00e1 tr\u00e1va<\/title>\n<meta name=\"robots\" content=\"index, follow, max-snippet:-1, max-image-preview:large, max-video-preview:-1\" \/>\n<link rel=\"canonical\" href=\"https:\/\/www.travicka.sk\/index.php\/zaruka-umela-trava\/\" \/>\n<meta property=\"og:locale\" content=\"sk_SK\" \/>\n<meta property=\"og:type\" content=\"article\" \/>\n<meta property=\"og:title\" content=\"Z\u00c1RUKA - UMEL\u00c1 TR\u00c1VA - Tr\u00e1vi\u010dka.sk | Realistick\u00e1 umel\u00e1 tr\u00e1va\" \/>\n<meta property=\"og:description\" content=\"V\u00ddROBCA DECORGRASS pon\u00faka na svoje v\u00fdrobky z\u00e1ruku 6 a\u017e 10 rokov. Z\u00e1ruka sa vz\u0165ahuje na zmenu zafarbenia tr\u00e1vy a na degrad\u00e1ciu vl\u00e1kien vplyvom UV \u017eiarenia. D\u013a\u017eka z\u00e1ruky je v z\u00e1vislosti na intenzite slnka v mieste in\u0161tal\u00e1cie. Pri rozsahu sol\u00e1rnej aktivity 0-200 w\/m2 a DIN 53387 \u2265 6000 hod (v z\u00e1vislosti od klimatickej oblasti) je garantovan\u00e9, [&hellip;]\" \/>\n<meta property=\"og:url\" content=\"https:\/\/www.travicka.sk\/index.php\/zaruka-umela-trava\/\" \/>\n<meta property=\"og:site_name\" content=\"Tr\u00e1vi\u010dka.sk | Realistick\u00e1 umel\u00e1 tr\u00e1va\" \/>\n<meta property=\"article:modified_time\" content=\"2024-03-15T20:18:45+00:00\" \/>\n<meta name=\"twitter:card\" content=\"summary_large_image\" \/>\n<meta name=\"twitter:label1\" content=\"Predpokladan\u00fd \u010das \u010d\u00edtania\" \/>\n\t<meta name=\"twitter:data1\" content=\"3 min\u00faty\" \/>\n<script type=\"application\/ld+json\" class=\"yoast-schema-graph\">{\"@context\":\"https:\/\/schema.org\",\"@graph\":[{\"@type\":\"WebPage\",\"@id\":\"https:\/\/www.travicka.sk\/index.php\/zaruka-umela-trava\/\",\"url\":\"https:\/\/www.travicka.sk\/index.php\/zaruka-umela-trava\/\",\"name\":\"Z\u00c1RUKA - UMEL\u00c1 TR\u00c1VA - Tr\u00e1vi\u010dka.sk | Realistick\u00e1 umel\u00e1 tr\u00e1va\",\"isPartOf\":{\"@id\":\"https:\/\/www.travicka.sk\/#website\"},\"primaryImageOfPage\":{\"@id\":\"https:\/\/www.travicka.sk\/index.php\/zaruka-umela-trava\/#primaryimage\"},\"image\":{\"@id\":\"https:\/\/www.travicka.sk\/index.php\/zaruka-umela-trava\/#primaryimage\"},\"thumbnailUrl\":\"\",\"datePublished\":\"2015-07-22T16:37:29+00:00\",\"dateModified\":\"2024-03-15T20:18:45+00:00\",\"breadcrumb\":{\"@id\":\"https:\/\/www.travicka.sk\/index.php\/zaruka-umela-trava\/#breadcrumb\"},\"inLanguage\":\"sk-SK\",\"potentialAction\":[{\"@type\":\"ReadAction\",\"target\":[\"https:\/\/www.travicka.sk\/index.php\/zaruka-umela-trava\/\"]}]},{\"@type\":\"ImageObject\",\"inLanguage\":\"sk-SK\",\"@id\":\"https:\/\/www.travicka.sk\/index.php\/zaruka-umela-trava\/#primaryimage\",\"url\":\"\",\"contentUrl\":\"\"},{\"@type\":\"BreadcrumbList\",\"@id\":\"https:\/\/www.travicka.sk\/index.php\/zaruka-umela-trava\/#breadcrumb\",\"itemListElement\":[{\"@type\":\"ListItem\",\"position\":1,\"name\":\"Domovsk\u00e1 str\u00e1nka\",\"item\":\"https:\/\/www.travicka.sk\/\"},{\"@type\":\"ListItem\",\"position\":2,\"name\":\"Z\u00c1RUKA &#8211; UMEL\u00c1 TR\u00c1VA\"}]},{\"@type\":\"WebSite\",\"@id\":\"https:\/\/www.travicka.sk\/#website\",\"url\":\"https:\/\/www.travicka.sk\/\",\"name\":\"Tr\u00e1vi\u010dka.sk | Realistick\u00e1 umel\u00e1 tr\u00e1va\",\"description\":\"\",\"potentialAction\":[{\"@type\":\"SearchAction\",\"target\":{\"@type\":\"EntryPoint\",\"urlTemplate\":\"https:\/\/www.travicka.sk\/?s={search_term_string}\"},\"query-input\":{\"@type\":\"PropertyValueSpecification\",\"valueRequired\":true,\"valueName\":\"search_term_string\"}}],\"inLanguage\":\"sk-SK\"}]}<\/script>\n<!-- \/ Yoast SEO plugin. -->","yoast_head_json":{"title":"Z\u00c1RUKA - UMEL\u00c1 TR\u00c1VA - Tr\u00e1vi\u010dka.sk | Realistick\u00e1 umel\u00e1 tr\u00e1va","robots":{"index":"index","follow":"follow","max-snippet":"max-snippet:-1","max-image-preview":"max-image-preview:large","max-video-preview":"max-video-preview:-1"},"canonical":"https:\/\/www.travicka.sk\/index.php\/zaruka-umela-trava\/","og_locale":"sk_SK","og_type":"article","og_title":"Z\u00c1RUKA - UMEL\u00c1 TR\u00c1VA - Tr\u00e1vi\u010dka.sk | Realistick\u00e1 umel\u00e1 tr\u00e1va","og_description":"V\u00ddROBCA DECORGRASS pon\u00faka na svoje v\u00fdrobky z\u00e1ruku 6 a\u017e 10 rokov. Z\u00e1ruka sa vz\u0165ahuje na zmenu zafarbenia tr\u00e1vy a na degrad\u00e1ciu vl\u00e1kien vplyvom UV \u017eiarenia. D\u013a\u017eka z\u00e1ruky je v z\u00e1vislosti na intenzite slnka v mieste in\u0161tal\u00e1cie. Pri rozsahu sol\u00e1rnej aktivity 0-200 w\/m2 a DIN 53387 \u2265 6000 hod (v z\u00e1vislosti od klimatickej oblasti) je garantovan\u00e9, [&hellip;]","og_url":"https:\/\/www.travicka.sk\/index.php\/zaruka-umela-trava\/","og_site_name":"Tr\u00e1vi\u010dka.sk | Realistick\u00e1 umel\u00e1 tr\u00e1va","article_modified_time":"2024-03-15T20:18:45+00:00","twitter_card":"summary_large_image","twitter_misc":{"Predpokladan\u00fd \u010das \u010d\u00edtania":"3 min\u00faty"},"schema":{"@context":"https:\/\/schema.org","@graph":[{"@type":"WebPage","@id":"https:\/\/www.travicka.sk\/index.php\/zaruka-umela-trava\/","url":"https:\/\/www.travicka.sk\/index.php\/zaruka-umela-trava\/","name":"Z\u00c1RUKA - UMEL\u00c1 TR\u00c1VA - Tr\u00e1vi\u010dka.sk | Realistick\u00e1 umel\u00e1 tr\u00e1va","isPartOf":{"@id":"https:\/\/www.travicka.sk\/#website"},"primaryImageOfPage":{"@id":"https:\/\/www.travicka.sk\/index.php\/zaruka-umela-trava\/#primaryimage"},"image":{"@id":"https:\/\/www.travicka.sk\/index.php\/zaruka-umela-trava\/#primaryimage"},"thumbnailUrl":"","datePublished":"2015-07-22T16:37:29+00:00","dateModified":"2024-03-15T20:18:45+00:00","breadcrumb":{"@id":"https:\/\/www.travicka.sk\/index.php\/zaruka-umela-trava\/#breadcrumb"},"inLanguage":"sk-SK","potentialAction":[{"@type":"ReadAction","target":["https:\/\/www.travicka.sk\/index.php\/zaruka-umela-trava\/"]}]},{"@type":"ImageObject","inLanguage":"sk-SK","@id":"https:\/\/www.travicka.sk\/index.php\/zaruka-umela-trava\/#primaryimage","url":"","contentUrl":""},{"@type":"BreadcrumbList","@id":"https:\/\/www.travicka.sk\/index.php\/zaruka-umela-trava\/#breadcrumb","itemListElement":[{"@type":"ListItem","position":1,"name":"Domovsk\u00e1 str\u00e1nka","item":"https:\/\/www.travicka.sk\/"},{"@type":"ListItem","position":2,"name":"Z\u00c1RUKA &#8211; UMEL\u00c1 TR\u00c1VA"}]},{"@type":"WebSite","@id":"https:\/\/www.travicka.sk\/#website","url":"https:\/\/www.travicka.sk\/","name":"Tr\u00e1vi\u010dka.sk | Realistick\u00e1 umel\u00e1 tr\u00e1va","description":"","potentialAction":[{"@type":"SearchAction","target":{"@type":"EntryPoint","urlTemplate":"https:\/\/www.travicka.sk\/?s={search_term_string}"},"query-input":{"@type":"PropertyValueSpecification","valueRequired":true,"valueName":"search_term_string"}}],"inLanguage":"sk-SK"}]}},"_links":{"self":[{"href":"https:\/\/www.travicka.sk\/index.php\/wp-json\/wp\/v2\/pages\/670","targetHints":{"allow":["GET"]}}],"collection":[{"href":"https:\/\/www.travicka.sk\/index.php\/wp-json\/wp\/v2\/pages"}],"about":[{"href":"https:\/\/www.travicka.sk\/index.php\/wp-json\/wp\/v2\/types\/page"}],"author":[{"embeddable":true,"href":"https:\/\/www.travicka.sk\/index.php\/wp-json\/wp\/v2\/users\/1"}],"replies":[{"embeddable":true,"href":"https:\/\/www.travicka.sk\/index.php\/wp-json\/wp\/v2\/comments?post=670"}],"version-history":[{"count":14,"href":"https:\/\/www.travicka.sk\/index.php\/wp-json\/wp\/v2\/pages\/670\/revisions"}],"predecessor-version":[{"id":7881,"href":"https:\/\/www.travicka.sk\/index.php\/wp-json\/wp\/v2\/pages\/670\/revisions\/7881"}],"wp:featuredmedia":[{"embeddable":true,"href":"https:\/\/www.travicka.sk\/index.php\/wp-json\/"}],"wp:attachment":[{"href":"https:\/\/www.travicka.sk\/index.php\/wp-json\/wp\/v2\/media?parent=670"}],"curies":[{"name":"wp","href":"https:\/\/api.w.org\/{rel}","templated":true}]}}