{"id":8182,"date":"2024-06-26T11:15:05","date_gmt":"2024-06-26T09:15:05","guid":{"rendered":"https:\/\/www.travicka.sk\/?page_id=8182"},"modified":"2024-06-26T11:17:20","modified_gmt":"2024-06-26T09:17:20","slug":"realizacia-sportovisk-s-umelym-povrchom","status":"publish","type":"page","link":"https:\/\/www.travicka.sk\/index.php\/realizacia-sportovisk-s-umelym-povrchom\/","title":{"rendered":"REALIZ\u00c1CIA \u0160PORTOV\u00cdSK S UMEL\u00ddM POVRCHOM"},"content":{"rendered":"<div id=\"pl-8182\"  class=\"panel-layout\" ><div id=\"pg-8182-0\"  class=\"panel-grid panel-no-style\" ><div id=\"pgc-8182-0-0\"  class=\"panel-grid-cell\" ><div id=\"panel-8182-0-0-0\" class=\"so-panel widget widget_black-studio-tinymce widget_black_studio_tinymce panel-first-child\" data-index=\"0\" ><div class=\"textwidget\"><p><span style=\"color: #a2c046; font-size: 15px;\"><b>UMEL\u00c1 TR\u00c1VAREALIZ\u00c1CIA<\/b><\/span><\/p>\n<p>H\u013ead\u00e1te spo\u013eahliv\u00fa firmu, ktor\u00e1 V\u00e1m vybuduje ihrisko s\u00a0umelou tr\u00e1vou za v\u00fdhodn\u00fa cenu, r\u00fdchlo a\u00a0kvalitne ?<\/p>\n<p>Potom ste na spr\u00e1vnom mieste.<\/p>\n<p>Na\u0161a spolo\u010dnos\u0165 sa venuje a\u00a0\u0161pecializuje na kompletn\u00fa realiz\u00e1ciu \u0161portov\u00edsk s\u00a0umel\u00fdm povrchom.<\/p>\n<p>V\u00a0r\u00e1mci realiz\u00e1cie m\u00e1me zahrnut\u00e9 aj poradenstvo a\u00a0tie\u017e projektov\u00fa dokument\u00e1ciu.<\/p>\n<\/div><\/div><div id=\"panel-8182-0-0-1\" class=\"so-panel widget widget_qt_cta_button widget-cta-button\" data-index=\"1\" >\t\t\t\n\t\t\t<a class=\"btn btn-primary fullwidth\" href=\"https:\/\/www.travicka.sk\/index.php\/epdm-sbr-povrch-galeria\/\">\n\t\t\t\t\t\t\t\t\t<i class=\"fa fab fa-phoenix-framework\"><\/i>\n\t\t\t\t\t\t\t\tNA\u0160E REALIZ\u00c1CIE N\u00c1JDETE TU\t\t\t<\/a>\n\n\t\t\t<\/div><div id=\"panel-8182-0-0-2\" class=\"so-panel widget widget_black-studio-tinymce widget_black_studio_tinymce\" data-index=\"2\" ><div class=\"textwidget\"><p><span style=\"color: #a2c046; font-size: 15px;\"><b><strong><u>\u010casto kladen\u00e9 ot\u00e1zky:<\/u><\/strong><\/b><\/span><\/p>\n<ul>\n<li>Ak\u00e1 je cena za kompletn\u00fa realiz\u00e1ciu ihriska ?<\/li>\n<\/ul>\n<p>-Ku ka\u017ed\u00e9mu z\u00e1kazn\u00edkovi pristupujeme individu\u00e1lne a\u00a0tvor\u00edme cenov\u00e9 ponuky na mieru k\u00a0spokojnosti oboch str\u00e1n. Cenu pri jednotliv\u00fdch projektoch multifunk\u010dn\u00fdch \u010di klasick\u00fdch umel\u00fdch ihr\u00edsk ovplyv\u0148uje viacero faktorov od \u00fapravy ter\u00e9nu cez rozmery ihriska a\u017e po samotn\u00fa realiz\u00e1ciu.<\/p>\n<p>V\u00a0pr\u00edpade z\u00e1ujmu o\u00a0cenov\u00fa ponuku n\u00e1s pros\u00edm kontaktujte radi sa s\u00a0Vami osobne stretneme a\u00a0preberieme Va\u0161e mo\u017enosti a detaily spolupr\u00e1ce.<\/p>\n<ul>\n<li>Ako dlho potrv\u00e1 realiz\u00e1cia \/ v\u00fdstavba ihriska ?<\/li>\n<\/ul>\n<p>-Op\u00e4\u0165 je to ot\u00e1zka rozmerov, terenn\u00fdch \u00faprav a\u00a0n\u00e1ro\u010dnosti vybran\u00e9ho projektu.<\/p>\n<p>Realiz\u00e1cia m\u00f4\u017ee by\u0165 v\u00a0t\u00fd\u017ed\u0148och no aj p\u00e1r mesiacoch.<\/p>\n<ul>\n<li>Dok\u00e1\u017eete pripravi\u0165 kompletn\u00fd projekt ?<\/li>\n<\/ul>\n<p>-Samozrejme \u0161pecializujeme sa na kompletn\u00fa realiz\u00e1ciu od pr\u00edpravy projektovej dokument\u00e1cie a\u017e po v\u00fdstavbu.<\/p>\n<ul>\n<li>Ako je to s\u00a0n\u00e1slednou \u00fadr\u017ebou umel\u00e9ho ihriska ?<\/li>\n<\/ul>\n<p>-Po vz\u00e1jomnej dohode vieme pravidelne raz, dva kr\u00e1t ro\u010dne realizova\u0165 aj \u00fadr\u017ebu \u0161portoviska.<\/p>\n<\/div><\/div><div id=\"panel-8182-0-0-3\" class=\"so-panel widget widget_qt_cta_button widget-cta-button panel-last-child\" data-index=\"3\" >\t\t\t\n\t\t\t<a class=\"btn btn-primary fullwidth\" href=\"https:\/\/www.travicka.sk\/index.php\/kontaktujte-nas\/\">\n\t\t\t\t\t\t\t\t\t<i class=\"fa fas fa-mobile-retro\"><\/i>\n\t\t\t\t\t\t\t\tV PR\u00cdPADE Z\u00c1UJMU N\u00c1S KONTAKTUJTE \t\t\t<\/a>\n\n\t\t\t<\/div><\/div><div id=\"pgc-8182-0-1\"  class=\"panel-grid-cell\" ><div id=\"panel-8182-0-1-0\" class=\"so-panel widget widget_media_image panel-first-child\" data-index=\"4\" ><a href=\"https:\/\/www.travicka.sk\/wp-content\/uploads\/2024\/06\/realizacia_sporotovisk_s_umelym_povrchom_travicka_sk.png\"><img loading=\"lazy\" decoding=\"async\" width=\"1871\" height=\"1959\" src=\"https:\/\/www.travicka.sk\/wp-content\/uploads\/2024\/06\/realizacia_sporotovisk_s_umelym_povrchom_travicka_sk.png\" class=\"image wp-image-8183  attachment-full size-full\" alt=\"\" style=\"max-width: 100%; height: auto;\" srcset=\"https:\/\/www.travicka.sk\/wp-content\/uploads\/2024\/06\/realizacia_sporotovisk_s_umelym_povrchom_travicka_sk.png 1871w, https:\/\/www.travicka.sk\/wp-content\/uploads\/2024\/06\/realizacia_sporotovisk_s_umelym_povrchom_travicka_sk-287x300.png 287w, https:\/\/www.travicka.sk\/wp-content\/uploads\/2024\/06\/realizacia_sporotovisk_s_umelym_povrchom_travicka_sk-978x1024.png 978w, https:\/\/www.travicka.sk\/wp-content\/uploads\/2024\/06\/realizacia_sporotovisk_s_umelym_povrchom_travicka_sk-768x804.png 768w, https:\/\/www.travicka.sk\/wp-content\/uploads\/2024\/06\/realizacia_sporotovisk_s_umelym_povrchom_travicka_sk-1467x1536.png 1467w, https:\/\/www.travicka.sk\/wp-content\/uploads\/2024\/06\/realizacia_sporotovisk_s_umelym_povrchom_travicka_sk-600x628.png 600w\" sizes=\"auto, (max-width: 1871px) 100vw, 1871px\" \/><\/a><\/div><div id=\"panel-8182-0-1-1\" class=\"so-panel widget widget_media_image panel-last-child\" data-index=\"5\" ><a href=\"https:\/\/www.travicka.sk\/wp-content\/uploads\/2024\/06\/realizacia_sporotovisk_s_umelym_povrchom_travicka_sk01.png\"><img loading=\"lazy\" decoding=\"async\" width=\"1235\" height=\"768\" src=\"https:\/\/www.travicka.sk\/wp-content\/uploads\/2024\/06\/realizacia_sporotovisk_s_umelym_povrchom_travicka_sk01.png\" class=\"image wp-image-8188  attachment-full size-full\" alt=\"\" style=\"max-width: 100%; height: auto;\" srcset=\"https:\/\/www.travicka.sk\/wp-content\/uploads\/2024\/06\/realizacia_sporotovisk_s_umelym_povrchom_travicka_sk01.png 1235w, https:\/\/www.travicka.sk\/wp-content\/uploads\/2024\/06\/realizacia_sporotovisk_s_umelym_povrchom_travicka_sk01-300x187.png 300w, https:\/\/www.travicka.sk\/wp-content\/uploads\/2024\/06\/realizacia_sporotovisk_s_umelym_povrchom_travicka_sk01-1024x637.png 1024w, https:\/\/www.travicka.sk\/wp-content\/uploads\/2024\/06\/realizacia_sporotovisk_s_umelym_povrchom_travicka_sk01-768x478.png 768w, https:\/\/www.travicka.sk\/wp-content\/uploads\/2024\/06\/realizacia_sporotovisk_s_umelym_povrchom_travicka_sk01-600x373.png 600w\" sizes=\"auto, (max-width: 1235px) 100vw, 1235px\" \/><\/a><\/div><\/div><\/div><\/div>","protected":false},"excerpt":{"rendered":"<p>UMEL\u00c1 TR\u00c1VAREALIZ\u00c1CIA H\u013ead\u00e1te spo\u013eahliv\u00fa firmu, ktor\u00e1 V\u00e1m vybuduje ihrisko s\u00a0umelou tr\u00e1vou za v\u00fdhodn\u00fa cenu, r\u00fdchlo a\u00a0kvalitne ? Potom ste na spr\u00e1vnom mieste. Na\u0161a spolo\u010dnos\u0165 sa venuje a\u00a0\u0161pecializuje na kompletn\u00fa realiz\u00e1ciu \u0161portov\u00edsk s\u00a0umel\u00fdm povrchom. V\u00a0r\u00e1mci realiz\u00e1cie m\u00e1me zahrnut\u00e9 aj poradenstvo a\u00a0tie\u017e projektov\u00fa dokument\u00e1ciu. \u010casto kladen\u00e9 ot\u00e1zky: Ak\u00e1 je cena za kompletn\u00fa realiz\u00e1ciu ihriska ? -Ku ka\u017ed\u00e9mu [&hellip;]<\/p>\n","protected":false},"author":1,"featured_media":8183,"parent":0,"menu_order":0,"comment_status":"closed","ping_status":"closed","template":"","meta":{"_acf_changed":false,"inline_featured_image":false,"footnotes":""},"class_list":["post-8182","page","type-page","status-publish","has-post-thumbnail","hentry"],"acf":[],"yoast_head":"<!-- This site is optimized with the Yoast SEO plugin v27.2 - https:\/\/yoast.com\/product\/yoast-seo-wordpress\/ -->\n<title>REALIZ\u00c1CIA \u0160PORTOV\u00cdSK S UMEL\u00ddM POVRCHOM - Tr\u00e1vi\u010dka.sk | Realistick\u00e1 umel\u00e1 tr\u00e1va<\/title>\n<meta name=\"description\" content=\"H\u013ead\u00e1te spo\u013eahliv\u00fa firmu, ktor\u00e1 V\u00e1m vybuduje ihrisko s umelou tr\u00e1vou za v\u00fdhodn\u00fa cenu, r\u00fdchlo a kvalitne ? Potom ste na spr\u00e1vnom mieste.Na\u0161a spolo\u010dnos\u0165 sa venuje a \u0161pecializuje na kompletn\u00fa realiz\u00e1ciu \u0161portov\u00edsk s umel\u00fdm povrchom.V r\u00e1mci realiz\u00e1cie m\u00e1me zahrnut\u00e9 aj poradenstvo a tie\u017e projektov\u00fa dokument\u00e1ciu.\" \/>\n<meta name=\"robots\" content=\"index, follow, max-snippet:-1, max-image-preview:large, max-video-preview:-1\" \/>\n<link rel=\"canonical\" href=\"https:\/\/www.travicka.sk\/index.php\/realizacia-sportovisk-s-umelym-povrchom\/\" \/>\n<meta property=\"og:locale\" content=\"sk_SK\" \/>\n<meta property=\"og:type\" content=\"article\" \/>\n<meta property=\"og:title\" content=\"REALIZ\u00c1CIA \u0160PORTOV\u00cdSK S UMEL\u00ddM POVRCHOM - Tr\u00e1vi\u010dka.sk | Realistick\u00e1 umel\u00e1 tr\u00e1va\" \/>\n<meta property=\"og:description\" content=\"H\u013ead\u00e1te spo\u013eahliv\u00fa firmu, ktor\u00e1 V\u00e1m vybuduje ihrisko s umelou tr\u00e1vou za v\u00fdhodn\u00fa cenu, r\u00fdchlo a kvalitne ? Potom ste na spr\u00e1vnom mieste.Na\u0161a spolo\u010dnos\u0165 sa venuje a \u0161pecializuje na kompletn\u00fa realiz\u00e1ciu \u0161portov\u00edsk s umel\u00fdm povrchom.V r\u00e1mci realiz\u00e1cie m\u00e1me zahrnut\u00e9 aj poradenstvo a tie\u017e projektov\u00fa dokument\u00e1ciu.\" \/>\n<meta property=\"og:url\" content=\"https:\/\/www.travicka.sk\/index.php\/realizacia-sportovisk-s-umelym-povrchom\/\" \/>\n<meta property=\"og:site_name\" content=\"Tr\u00e1vi\u010dka.sk | Realistick\u00e1 umel\u00e1 tr\u00e1va\" \/>\n<meta property=\"article:modified_time\" content=\"2024-06-26T09:17:20+00:00\" \/>\n<meta property=\"og:image\" content=\"https:\/\/www.travicka.sk\/wp-content\/uploads\/2024\/06\/realizacia_sporotovisk_s_umelym_povrchom_travicka_sk-978x1024.png\" \/>\n\t<meta property=\"og:image:width\" content=\"978\" \/>\n\t<meta property=\"og:image:height\" content=\"1024\" \/>\n\t<meta property=\"og:image:type\" content=\"image\/png\" \/>\n<meta name=\"twitter:card\" content=\"summary_large_image\" \/>\n<meta name=\"twitter:label1\" content=\"Predpokladan\u00fd \u010das \u010d\u00edtania\" \/>\n\t<meta name=\"twitter:data1\" content=\"2 min\u00faty\" \/>\n<script type=\"application\/ld+json\" class=\"yoast-schema-graph\">{\"@context\":\"https:\/\/schema.org\",\"@graph\":[{\"@type\":\"WebPage\",\"@id\":\"https:\/\/www.travicka.sk\/index.php\/realizacia-sportovisk-s-umelym-povrchom\/\",\"url\":\"https:\/\/www.travicka.sk\/index.php\/realizacia-sportovisk-s-umelym-povrchom\/\",\"name\":\"REALIZ\u00c1CIA \u0160PORTOV\u00cdSK S UMEL\u00ddM POVRCHOM - Tr\u00e1vi\u010dka.sk | Realistick\u00e1 umel\u00e1 tr\u00e1va\",\"isPartOf\":{\"@id\":\"https:\/\/www.travicka.sk\/#website\"},\"primaryImageOfPage\":{\"@id\":\"https:\/\/www.travicka.sk\/index.php\/realizacia-sportovisk-s-umelym-povrchom\/#primaryimage\"},\"image\":{\"@id\":\"https:\/\/www.travicka.sk\/index.php\/realizacia-sportovisk-s-umelym-povrchom\/#primaryimage\"},\"thumbnailUrl\":\"https:\/\/www.travicka.sk\/wp-content\/uploads\/2024\/06\/realizacia_sporotovisk_s_umelym_povrchom_travicka_sk.png\",\"datePublished\":\"2024-06-26T09:15:05+00:00\",\"dateModified\":\"2024-06-26T09:17:20+00:00\",\"description\":\"H\u013ead\u00e1te spo\u013eahliv\u00fa firmu, ktor\u00e1 V\u00e1m vybuduje ihrisko s umelou tr\u00e1vou za v\u00fdhodn\u00fa cenu, r\u00fdchlo a kvalitne ? Potom ste na spr\u00e1vnom mieste.Na\u0161a spolo\u010dnos\u0165 sa venuje a \u0161pecializuje na kompletn\u00fa realiz\u00e1ciu \u0161portov\u00edsk s umel\u00fdm povrchom.V r\u00e1mci realiz\u00e1cie m\u00e1me zahrnut\u00e9 aj poradenstvo a tie\u017e projektov\u00fa dokument\u00e1ciu.\",\"breadcrumb\":{\"@id\":\"https:\/\/www.travicka.sk\/index.php\/realizacia-sportovisk-s-umelym-povrchom\/#breadcrumb\"},\"inLanguage\":\"sk-SK\",\"potentialAction\":[{\"@type\":\"ReadAction\",\"target\":[\"https:\/\/www.travicka.sk\/index.php\/realizacia-sportovisk-s-umelym-povrchom\/\"]}]},{\"@type\":\"ImageObject\",\"inLanguage\":\"sk-SK\",\"@id\":\"https:\/\/www.travicka.sk\/index.php\/realizacia-sportovisk-s-umelym-povrchom\/#primaryimage\",\"url\":\"https:\/\/www.travicka.sk\/wp-content\/uploads\/2024\/06\/realizacia_sporotovisk_s_umelym_povrchom_travicka_sk.png\",\"contentUrl\":\"https:\/\/www.travicka.sk\/wp-content\/uploads\/2024\/06\/realizacia_sporotovisk_s_umelym_povrchom_travicka_sk.png\",\"width\":1871,\"height\":1959},{\"@type\":\"BreadcrumbList\",\"@id\":\"https:\/\/www.travicka.sk\/index.php\/realizacia-sportovisk-s-umelym-povrchom\/#breadcrumb\",\"itemListElement\":[{\"@type\":\"ListItem\",\"position\":1,\"name\":\"Domovsk\u00e1 str\u00e1nka\",\"item\":\"https:\/\/www.travicka.sk\/\"},{\"@type\":\"ListItem\",\"position\":2,\"name\":\"REALIZ\u00c1CIA \u0160PORTOV\u00cdSK S UMEL\u00ddM POVRCHOM\"}]},{\"@type\":\"WebSite\",\"@id\":\"https:\/\/www.travicka.sk\/#website\",\"url\":\"https:\/\/www.travicka.sk\/\",\"name\":\"Tr\u00e1vi\u010dka.sk | Realistick\u00e1 umel\u00e1 tr\u00e1va\",\"description\":\"\",\"potentialAction\":[{\"@type\":\"SearchAction\",\"target\":{\"@type\":\"EntryPoint\",\"urlTemplate\":\"https:\/\/www.travicka.sk\/?s={search_term_string}\"},\"query-input\":{\"@type\":\"PropertyValueSpecification\",\"valueRequired\":true,\"valueName\":\"search_term_string\"}}],\"inLanguage\":\"sk-SK\"}]}<\/script>\n<!-- \/ Yoast SEO plugin. -->","yoast_head_json":{"title":"REALIZ\u00c1CIA \u0160PORTOV\u00cdSK S UMEL\u00ddM POVRCHOM - Tr\u00e1vi\u010dka.sk | Realistick\u00e1 umel\u00e1 tr\u00e1va","description":"H\u013ead\u00e1te spo\u013eahliv\u00fa firmu, ktor\u00e1 V\u00e1m vybuduje ihrisko s umelou tr\u00e1vou za v\u00fdhodn\u00fa cenu, r\u00fdchlo a kvalitne ? Potom ste na spr\u00e1vnom mieste.Na\u0161a spolo\u010dnos\u0165 sa venuje a \u0161pecializuje na kompletn\u00fa realiz\u00e1ciu \u0161portov\u00edsk s umel\u00fdm povrchom.V r\u00e1mci realiz\u00e1cie m\u00e1me zahrnut\u00e9 aj poradenstvo a tie\u017e projektov\u00fa dokument\u00e1ciu.","robots":{"index":"index","follow":"follow","max-snippet":"max-snippet:-1","max-image-preview":"max-image-preview:large","max-video-preview":"max-video-preview:-1"},"canonical":"https:\/\/www.travicka.sk\/index.php\/realizacia-sportovisk-s-umelym-povrchom\/","og_locale":"sk_SK","og_type":"article","og_title":"REALIZ\u00c1CIA \u0160PORTOV\u00cdSK S UMEL\u00ddM POVRCHOM - Tr\u00e1vi\u010dka.sk | Realistick\u00e1 umel\u00e1 tr\u00e1va","og_description":"H\u013ead\u00e1te spo\u013eahliv\u00fa firmu, ktor\u00e1 V\u00e1m vybuduje ihrisko s umelou tr\u00e1vou za v\u00fdhodn\u00fa cenu, r\u00fdchlo a kvalitne ? Potom ste na spr\u00e1vnom mieste.Na\u0161a spolo\u010dnos\u0165 sa venuje a \u0161pecializuje na kompletn\u00fa realiz\u00e1ciu \u0161portov\u00edsk s umel\u00fdm povrchom.V r\u00e1mci realiz\u00e1cie m\u00e1me zahrnut\u00e9 aj poradenstvo a tie\u017e projektov\u00fa dokument\u00e1ciu.","og_url":"https:\/\/www.travicka.sk\/index.php\/realizacia-sportovisk-s-umelym-povrchom\/","og_site_name":"Tr\u00e1vi\u010dka.sk | Realistick\u00e1 umel\u00e1 tr\u00e1va","article_modified_time":"2024-06-26T09:17:20+00:00","og_image":[{"width":978,"height":1024,"url":"https:\/\/www.travicka.sk\/wp-content\/uploads\/2024\/06\/realizacia_sporotovisk_s_umelym_povrchom_travicka_sk-978x1024.png","type":"image\/png"}],"twitter_card":"summary_large_image","twitter_misc":{"Predpokladan\u00fd \u010das \u010d\u00edtania":"2 min\u00faty"},"schema":{"@context":"https:\/\/schema.org","@graph":[{"@type":"WebPage","@id":"https:\/\/www.travicka.sk\/index.php\/realizacia-sportovisk-s-umelym-povrchom\/","url":"https:\/\/www.travicka.sk\/index.php\/realizacia-sportovisk-s-umelym-povrchom\/","name":"REALIZ\u00c1CIA \u0160PORTOV\u00cdSK S UMEL\u00ddM POVRCHOM - Tr\u00e1vi\u010dka.sk | Realistick\u00e1 umel\u00e1 tr\u00e1va","isPartOf":{"@id":"https:\/\/www.travicka.sk\/#website"},"primaryImageOfPage":{"@id":"https:\/\/www.travicka.sk\/index.php\/realizacia-sportovisk-s-umelym-povrchom\/#primaryimage"},"image":{"@id":"https:\/\/www.travicka.sk\/index.php\/realizacia-sportovisk-s-umelym-povrchom\/#primaryimage"},"thumbnailUrl":"https:\/\/www.travicka.sk\/wp-content\/uploads\/2024\/06\/realizacia_sporotovisk_s_umelym_povrchom_travicka_sk.png","datePublished":"2024-06-26T09:15:05+00:00","dateModified":"2024-06-26T09:17:20+00:00","description":"H\u013ead\u00e1te spo\u013eahliv\u00fa firmu, ktor\u00e1 V\u00e1m vybuduje ihrisko s umelou tr\u00e1vou za v\u00fdhodn\u00fa cenu, r\u00fdchlo a kvalitne ? Potom ste na spr\u00e1vnom mieste.Na\u0161a spolo\u010dnos\u0165 sa venuje a \u0161pecializuje na kompletn\u00fa realiz\u00e1ciu \u0161portov\u00edsk s umel\u00fdm povrchom.V r\u00e1mci realiz\u00e1cie m\u00e1me zahrnut\u00e9 aj poradenstvo a tie\u017e projektov\u00fa dokument\u00e1ciu.","breadcrumb":{"@id":"https:\/\/www.travicka.sk\/index.php\/realizacia-sportovisk-s-umelym-povrchom\/#breadcrumb"},"inLanguage":"sk-SK","potentialAction":[{"@type":"ReadAction","target":["https:\/\/www.travicka.sk\/index.php\/realizacia-sportovisk-s-umelym-povrchom\/"]}]},{"@type":"ImageObject","inLanguage":"sk-SK","@id":"https:\/\/www.travicka.sk\/index.php\/realizacia-sportovisk-s-umelym-povrchom\/#primaryimage","url":"https:\/\/www.travicka.sk\/wp-content\/uploads\/2024\/06\/realizacia_sporotovisk_s_umelym_povrchom_travicka_sk.png","contentUrl":"https:\/\/www.travicka.sk\/wp-content\/uploads\/2024\/06\/realizacia_sporotovisk_s_umelym_povrchom_travicka_sk.png","width":1871,"height":1959},{"@type":"BreadcrumbList","@id":"https:\/\/www.travicka.sk\/index.php\/realizacia-sportovisk-s-umelym-povrchom\/#breadcrumb","itemListElement":[{"@type":"ListItem","position":1,"name":"Domovsk\u00e1 str\u00e1nka","item":"https:\/\/www.travicka.sk\/"},{"@type":"ListItem","position":2,"name":"REALIZ\u00c1CIA \u0160PORTOV\u00cdSK S UMEL\u00ddM POVRCHOM"}]},{"@type":"WebSite","@id":"https:\/\/www.travicka.sk\/#website","url":"https:\/\/www.travicka.sk\/","name":"Tr\u00e1vi\u010dka.sk | Realistick\u00e1 umel\u00e1 tr\u00e1va","description":"","potentialAction":[{"@type":"SearchAction","target":{"@type":"EntryPoint","urlTemplate":"https:\/\/www.travicka.sk\/?s={search_term_string}"},"query-input":{"@type":"PropertyValueSpecification","valueRequired":true,"valueName":"search_term_string"}}],"inLanguage":"sk-SK"}]}},"_links":{"self":[{"href":"https:\/\/www.travicka.sk\/index.php\/wp-json\/wp\/v2\/pages\/8182","targetHints":{"allow":["GET"]}}],"collection":[{"href":"https:\/\/www.travicka.sk\/index.php\/wp-json\/wp\/v2\/pages"}],"about":[{"href":"https:\/\/www.travicka.sk\/index.php\/wp-json\/wp\/v2\/types\/page"}],"author":[{"embeddable":true,"href":"https:\/\/www.travicka.sk\/index.php\/wp-json\/wp\/v2\/users\/1"}],"replies":[{"embeddable":true,"href":"https:\/\/www.travicka.sk\/index.php\/wp-json\/wp\/v2\/comments?post=8182"}],"version-history":[{"count":4,"href":"https:\/\/www.travicka.sk\/index.php\/wp-json\/wp\/v2\/pages\/8182\/revisions"}],"predecessor-version":[{"id":8189,"href":"https:\/\/www.travicka.sk\/index.php\/wp-json\/wp\/v2\/pages\/8182\/revisions\/8189"}],"wp:featuredmedia":[{"embeddable":true,"href":"https:\/\/www.travicka.sk\/index.php\/wp-json\/wp\/v2\/media\/8183"}],"wp:attachment":[{"href":"https:\/\/www.travicka.sk\/index.php\/wp-json\/wp\/v2\/media?parent=8182"}],"curies":[{"name":"wp","href":"https:\/\/api.w.org\/{rel}","templated":true}]}}