{"id":8208,"date":"2026-03-28T10:20:17","date_gmt":"2026-03-28T09:20:17","guid":{"rendered":"https:\/\/www.travicka.sk\/?page_id=8208"},"modified":"2026-03-28T10:23:22","modified_gmt":"2026-03-28T09:23:22","slug":"vyroba-a-montaz-detskych-ihrisk","status":"publish","type":"page","link":"https:\/\/www.travicka.sk\/index.php\/vyroba-a-montaz-detskych-ihrisk\/","title":{"rendered":"V\u00ddROBA A MONT\u00c1\u017d DETSK\u00ddCH IHR\u00cdSK"},"content":{"rendered":"<div id=\"pl-8208\"  class=\"panel-layout\" ><div id=\"pg-8208-0\"  class=\"panel-grid panel-no-style\" ><div id=\"pgc-8208-0-0\"  class=\"panel-grid-cell\" ><div id=\"panel-8208-0-0-0\" class=\"so-panel widget widget_black-studio-tinymce widget_black_studio_tinymce panel-first-child\" data-index=\"0\" ><div class=\"textwidget\"><p><span style=\"color: #a2c046; font-size: 15px;\"><b>V\u00ddROBA A MONT\u00c1\u017d DETSK\u00ddCH IHR\u00cdSK<\/b><\/span><\/p>\n<p data-start=\"327\" data-end=\"527\">Navrhujeme, vyr\u00e1bame a montujeme bezpe\u010dn\u00e9 a kvalitn\u00e9 detsk\u00e9 ihrisk\u00e1 pre \u0161koly, \u0161k\u00f4lky, obce aj s\u00fakromn\u00e9 z\u00e1hrady.<\/p>\n<p data-start=\"327\" data-end=\"527\">Ka\u017ed\u00e9 ihrisko prisp\u00f4sobujeme konkr\u00e9tnemu priestoru, veku det\u00ed aj po\u017eiadavk\u00e1m z\u00e1kazn\u00edka.<\/p>\n<p data-start=\"529\" data-end=\"721\">Pou\u017e\u00edvame odoln\u00e9 materi\u00e1ly s dlhou \u017eivotnos\u0165ou a db\u00e1me na maxim\u00e1lnu bezpe\u010dnos\u0165 a funk\u010dnos\u0165.<\/p>\n<p data-start=\"529\" data-end=\"721\">Zabezpe\u010dujeme kompletn\u00fa realiz\u00e1ciu \u2013 od n\u00e1vrhu rie\u0161enia a\u017e po profesion\u00e1lnu mont\u00e1\u017e priamo na mieste.<\/p>\n<\/div><\/div><div id=\"panel-8208-0-0-1\" class=\"so-panel widget widget_qt_cta_button widget-cta-button\" data-index=\"1\" >\t\t\t\n\t\t\t<a class=\"btn btn-primary fullwidth\" href=\"https:\/\/www.travicka.sk\/index.php\/epdm-sbr-povrch-galeria\/\">\n\t\t\t\t\t\t\t\t\t<i class=\"fa fab fa-phoenix-framework\"><\/i>\n\t\t\t\t\t\t\t\tNA\u0160E REALIZ\u00c1CIE N\u00c1JDETE TU\t\t\t<\/a>\n\n\t\t\t<\/div><div id=\"panel-8208-0-0-2\" class=\"so-panel widget widget_black-studio-tinymce widget_black_studio_tinymce\" data-index=\"2\" ><div class=\"textwidget\"><p><span style=\"color: #a2c046; font-size: 15px;\"><b><strong><u>\u010casto kladen\u00e9 ot\u00e1zky:<\/u><\/strong><\/b><\/span><\/p>\n<ul>\n<li>Ak\u00e1 je cena za kompletn\u00fa realiz\u00e1ciu ihriska ?<\/li>\n<\/ul>\n<p>-Ku ka\u017ed\u00e9mu z\u00e1kazn\u00edkovi pristupujeme individu\u00e1lne a\u00a0tvor\u00edme cenov\u00e9 ponuky na mieru k\u00a0spokojnosti oboch str\u00e1n. Cenu pri jednotliv\u00fdch projektoch multifunk\u010dn\u00fdch \u010di klasick\u00fdch umel\u00fdch ihr\u00edsk ovplyv\u0148uje viacero faktorov od \u00fapravy ter\u00e9nu cez rozmery ihriska a\u017e po samotn\u00fa realiz\u00e1ciu.<\/p>\n<p>V\u00a0pr\u00edpade z\u00e1ujmu o\u00a0cenov\u00fa ponuku n\u00e1s pros\u00edm kontaktujte radi sa s\u00a0Vami osobne stretneme a\u00a0preberieme Va\u0161e mo\u017enosti a detaily spolupr\u00e1ce.<\/p>\n<ul>\n<li>Ako dlho potrv\u00e1 realiz\u00e1cia \/ v\u00fdstavba ihriska ?<\/li>\n<\/ul>\n<p>-Op\u00e4\u0165 je to ot\u00e1zka rozmerov, terenn\u00fdch \u00faprav a\u00a0n\u00e1ro\u010dnosti vybran\u00e9ho projektu.<\/p>\n<p>Realiz\u00e1cia m\u00f4\u017ee by\u0165 v\u00a0t\u00fd\u017ed\u0148och no aj p\u00e1r mesiacoch.<\/p>\n<ul>\n<li>Dok\u00e1\u017eete pripravi\u0165 kompletn\u00fd projekt ?<\/li>\n<\/ul>\n<p>-Samozrejme \u0161pecializujeme sa na kompletn\u00fa realiz\u00e1ciu od pr\u00edpravy projektovej dokument\u00e1cie a\u017e po v\u00fdstavbu.<\/p>\n<ul>\n<li>Ako je to s\u00a0n\u00e1slednou \u00fadr\u017ebou umel\u00e9ho ihriska ?<\/li>\n<\/ul>\n<p>-Po vz\u00e1jomnej dohode vieme pravidelne raz, dva kr\u00e1t ro\u010dne realizova\u0165 aj \u00fadr\u017ebu \u0161portoviska.<\/p>\n<\/div><\/div><div id=\"panel-8208-0-0-3\" class=\"so-panel widget widget_qt_cta_button widget-cta-button panel-last-child\" data-index=\"3\" >\t\t\t\n\t\t\t<a class=\"btn btn-primary fullwidth\" href=\"https:\/\/www.travicka.sk\/index.php\/kontaktujte-nas\/\">\n\t\t\t\t\t\t\t\t\t<i class=\"fa fas fa-mobile-retro\"><\/i>\n\t\t\t\t\t\t\t\tV PR\u00cdPADE Z\u00c1UJMU N\u00c1S KONTAKTUJTE \t\t\t<\/a>\n\n\t\t\t<\/div><\/div><div id=\"pgc-8208-0-1\"  class=\"panel-grid-cell\" ><div id=\"panel-8208-0-1-0\" class=\"so-panel widget widget_media_image panel-first-child\" data-index=\"4\" ><a href=\"https:\/\/www.travicka.sk\/wp-content\/uploads\/2026\/03\/D_I_TRAVICKA.png\"><img loading=\"lazy\" decoding=\"async\" width=\"2261\" height=\"2367\" src=\"https:\/\/www.travicka.sk\/wp-content\/uploads\/2026\/03\/D_I_TRAVICKA.png\" class=\"image wp-image-8210  attachment-full size-full\" alt=\"\" style=\"max-width: 100%; height: auto;\" srcset=\"https:\/\/www.travicka.sk\/wp-content\/uploads\/2026\/03\/D_I_TRAVICKA.png 2261w, https:\/\/www.travicka.sk\/wp-content\/uploads\/2026\/03\/D_I_TRAVICKA-287x300.png 287w, https:\/\/www.travicka.sk\/wp-content\/uploads\/2026\/03\/D_I_TRAVICKA-978x1024.png 978w, https:\/\/www.travicka.sk\/wp-content\/uploads\/2026\/03\/D_I_TRAVICKA-768x804.png 768w, https:\/\/www.travicka.sk\/wp-content\/uploads\/2026\/03\/D_I_TRAVICKA-1467x1536.png 1467w, https:\/\/www.travicka.sk\/wp-content\/uploads\/2026\/03\/D_I_TRAVICKA-1956x2048.png 1956w, https:\/\/www.travicka.sk\/wp-content\/uploads\/2026\/03\/D_I_TRAVICKA-600x628.png 600w\" sizes=\"auto, (max-width: 2261px) 100vw, 2261px\" \/><\/a><\/div><div id=\"panel-8208-0-1-1\" class=\"so-panel widget widget_media_image panel-last-child\" data-index=\"5\" ><a href=\"https:\/\/www.travicka.sk\/wp-content\/uploads\/2026\/03\/d_i_travickaa.jpg\"><img loading=\"lazy\" decoding=\"async\" width=\"2206\" height=\"1305\" src=\"https:\/\/www.travicka.sk\/wp-content\/uploads\/2026\/03\/d_i_travickaa.jpg\" class=\"image wp-image-8213  attachment-full size-full\" alt=\"\" style=\"max-width: 100%; height: auto;\" srcset=\"https:\/\/www.travicka.sk\/wp-content\/uploads\/2026\/03\/d_i_travickaa.jpg 2206w, https:\/\/www.travicka.sk\/wp-content\/uploads\/2026\/03\/d_i_travickaa-300x177.jpg 300w, https:\/\/www.travicka.sk\/wp-content\/uploads\/2026\/03\/d_i_travickaa-1024x606.jpg 1024w, https:\/\/www.travicka.sk\/wp-content\/uploads\/2026\/03\/d_i_travickaa-768x454.jpg 768w, https:\/\/www.travicka.sk\/wp-content\/uploads\/2026\/03\/d_i_travickaa-1536x909.jpg 1536w, https:\/\/www.travicka.sk\/wp-content\/uploads\/2026\/03\/d_i_travickaa-2048x1212.jpg 2048w, https:\/\/www.travicka.sk\/wp-content\/uploads\/2026\/03\/d_i_travickaa-600x355.jpg 600w\" sizes=\"auto, (max-width: 2206px) 100vw, 2206px\" \/><\/a><\/div><\/div><\/div><\/div>","protected":false},"excerpt":{"rendered":"<p>V\u00ddROBA A MONT\u00c1\u017d DETSK\u00ddCH IHR\u00cdSK Navrhujeme, vyr\u00e1bame a montujeme bezpe\u010dn\u00e9 a kvalitn\u00e9 detsk\u00e9 ihrisk\u00e1 pre \u0161koly, \u0161k\u00f4lky, obce aj s\u00fakromn\u00e9 z\u00e1hrady. Ka\u017ed\u00e9 ihrisko prisp\u00f4sobujeme konkr\u00e9tnemu priestoru, veku det\u00ed aj po\u017eiadavk\u00e1m z\u00e1kazn\u00edka. Pou\u017e\u00edvame odoln\u00e9 materi\u00e1ly s dlhou \u017eivotnos\u0165ou a db\u00e1me na maxim\u00e1lnu bezpe\u010dnos\u0165 a funk\u010dnos\u0165. Zabezpe\u010dujeme kompletn\u00fa realiz\u00e1ciu \u2013 od n\u00e1vrhu rie\u0161enia a\u017e po profesion\u00e1lnu mont\u00e1\u017e [&hellip;]<\/p>\n","protected":false},"author":1,"featured_media":8209,"parent":0,"menu_order":0,"comment_status":"closed","ping_status":"closed","template":"","meta":{"_acf_changed":false,"inline_featured_image":false,"footnotes":""},"class_list":["post-8208","page","type-page","status-publish","has-post-thumbnail","hentry"],"acf":[],"yoast_head":"<!-- This site is optimized with the Yoast SEO plugin v27.2 - https:\/\/yoast.com\/product\/yoast-seo-wordpress\/ -->\n<title>V\u00ddROBA A MONT\u00c1\u017d DETSK\u00ddCH IHR\u00cdSK - Tr\u00e1vi\u010dka.sk | Realistick\u00e1 umel\u00e1 tr\u00e1va<\/title>\n<meta name=\"description\" content=\"Navrhujeme, vyr\u00e1bame a montujeme bezpe\u010dn\u00e9 a kvalitn\u00e9 detsk\u00e9 ihrisk\u00e1 pre \u0161koly, \u0161k\u00f4lky, obce aj s\u00fakromn\u00e9 z\u00e1hrady. Ka\u017ed\u00e9 ihrisko prisp\u00f4sobujeme konkr\u00e9tnemu priestoru, veku det\u00ed aj po\u017eiadavk\u00e1m z\u00e1kazn\u00edka.Pou\u017e\u00edvame odoln\u00e9 materi\u00e1ly s dlhou \u017eivotnos\u0165ou a db\u00e1me na maxim\u00e1lnu bezpe\u010dnos\u0165 a funk\u010dnos\u0165. Zabezpe\u010dujeme kompletn\u00fa realiz\u00e1ciu \u2013 od n\u00e1vrhu rie\u0161enia a\u017e po profesion\u00e1lnu mont\u00e1\u017e priamo na mieste.\" \/>\n<meta name=\"robots\" content=\"index, follow, max-snippet:-1, max-image-preview:large, max-video-preview:-1\" \/>\n<link rel=\"canonical\" href=\"https:\/\/www.travicka.sk\/index.php\/vyroba-a-montaz-detskych-ihrisk\/\" \/>\n<meta property=\"og:locale\" content=\"sk_SK\" \/>\n<meta property=\"og:type\" content=\"article\" \/>\n<meta property=\"og:title\" content=\"V\u00ddROBA A MONT\u00c1\u017d DETSK\u00ddCH IHR\u00cdSK\" \/>\n<meta property=\"og:description\" content=\"Navrhujeme, vyr\u00e1bame a montujeme bezpe\u010dn\u00e9 a kvalitn\u00e9 detsk\u00e9 ihrisk\u00e1 pre \u0161koly, \u0161k\u00f4lky, obce aj s\u00fakromn\u00e9 z\u00e1hrady. Ka\u017ed\u00e9 ihrisko prisp\u00f4sobujeme konkr\u00e9tnemu priestoru, veku det\u00ed aj po\u017eiadavk\u00e1m z\u00e1kazn\u00edka.Pou\u017e\u00edvame odoln\u00e9 materi\u00e1ly s dlhou \u017eivotnos\u0165ou a db\u00e1me na maxim\u00e1lnu bezpe\u010dnos\u0165 a funk\u010dnos\u0165. Zabezpe\u010dujeme kompletn\u00fa realiz\u00e1ciu \u2013 od n\u00e1vrhu rie\u0161enia a\u017e po profesion\u00e1lnu mont\u00e1\u017e priamo na mieste.\" \/>\n<meta property=\"og:url\" content=\"https:\/\/www.travicka.sk\/index.php\/vyroba-a-montaz-detskych-ihrisk\/\" \/>\n<meta property=\"og:site_name\" content=\"Tr\u00e1vi\u010dka.sk | Realistick\u00e1 umel\u00e1 tr\u00e1va\" \/>\n<meta property=\"article:modified_time\" content=\"2026-03-28T09:23:22+00:00\" \/>\n<meta property=\"og:image\" content=\"https:\/\/www.travicka.sk\/wp-content\/uploads\/2026\/03\/ihrisko_detske_travicka.jpg\" \/>\n\t<meta property=\"og:image:width\" content=\"1200\" \/>\n\t<meta property=\"og:image:height\" content=\"900\" \/>\n\t<meta property=\"og:image:type\" content=\"image\/jpeg\" \/>\n<meta name=\"twitter:card\" content=\"summary_large_image\" \/>\n<meta name=\"twitter:label1\" content=\"Predpokladan\u00fd \u010das \u010d\u00edtania\" \/>\n\t<meta name=\"twitter:data1\" content=\"2 min\u00faty\" \/>\n<script type=\"application\/ld+json\" class=\"yoast-schema-graph\">{\"@context\":\"https:\/\/schema.org\",\"@graph\":[{\"@type\":\"WebPage\",\"@id\":\"https:\/\/www.travicka.sk\/index.php\/vyroba-a-montaz-detskych-ihrisk\/\",\"url\":\"https:\/\/www.travicka.sk\/index.php\/vyroba-a-montaz-detskych-ihrisk\/\",\"name\":\"V\u00ddROBA A MONT\u00c1\u017d DETSK\u00ddCH IHR\u00cdSK - Tr\u00e1vi\u010dka.sk | Realistick\u00e1 umel\u00e1 tr\u00e1va\",\"isPartOf\":{\"@id\":\"https:\/\/www.travicka.sk\/#website\"},\"primaryImageOfPage\":{\"@id\":\"https:\/\/www.travicka.sk\/index.php\/vyroba-a-montaz-detskych-ihrisk\/#primaryimage\"},\"image\":{\"@id\":\"https:\/\/www.travicka.sk\/index.php\/vyroba-a-montaz-detskych-ihrisk\/#primaryimage\"},\"thumbnailUrl\":\"https:\/\/www.travicka.sk\/wp-content\/uploads\/2026\/03\/ihrisko_detske_travicka.jpg\",\"datePublished\":\"2026-03-28T09:20:17+00:00\",\"dateModified\":\"2026-03-28T09:23:22+00:00\",\"description\":\"Navrhujeme, vyr\u00e1bame a montujeme bezpe\u010dn\u00e9 a kvalitn\u00e9 detsk\u00e9 ihrisk\u00e1 pre \u0161koly, \u0161k\u00f4lky, obce aj s\u00fakromn\u00e9 z\u00e1hrady. Ka\u017ed\u00e9 ihrisko prisp\u00f4sobujeme konkr\u00e9tnemu priestoru, veku det\u00ed aj po\u017eiadavk\u00e1m z\u00e1kazn\u00edka.Pou\u017e\u00edvame odoln\u00e9 materi\u00e1ly s dlhou \u017eivotnos\u0165ou a db\u00e1me na maxim\u00e1lnu bezpe\u010dnos\u0165 a funk\u010dnos\u0165. Zabezpe\u010dujeme kompletn\u00fa realiz\u00e1ciu \u2013 od n\u00e1vrhu rie\u0161enia a\u017e po profesion\u00e1lnu mont\u00e1\u017e priamo na mieste.\",\"breadcrumb\":{\"@id\":\"https:\/\/www.travicka.sk\/index.php\/vyroba-a-montaz-detskych-ihrisk\/#breadcrumb\"},\"inLanguage\":\"sk-SK\",\"potentialAction\":[{\"@type\":\"ReadAction\",\"target\":[\"https:\/\/www.travicka.sk\/index.php\/vyroba-a-montaz-detskych-ihrisk\/\"]}]},{\"@type\":\"ImageObject\",\"inLanguage\":\"sk-SK\",\"@id\":\"https:\/\/www.travicka.sk\/index.php\/vyroba-a-montaz-detskych-ihrisk\/#primaryimage\",\"url\":\"https:\/\/www.travicka.sk\/wp-content\/uploads\/2026\/03\/ihrisko_detske_travicka.jpg\",\"contentUrl\":\"https:\/\/www.travicka.sk\/wp-content\/uploads\/2026\/03\/ihrisko_detske_travicka.jpg\",\"width\":1200,\"height\":900},{\"@type\":\"BreadcrumbList\",\"@id\":\"https:\/\/www.travicka.sk\/index.php\/vyroba-a-montaz-detskych-ihrisk\/#breadcrumb\",\"itemListElement\":[{\"@type\":\"ListItem\",\"position\":1,\"name\":\"Domovsk\u00e1 str\u00e1nka\",\"item\":\"https:\/\/www.travicka.sk\/\"},{\"@type\":\"ListItem\",\"position\":2,\"name\":\"V\u00ddROBA A MONT\u00c1\u017d DETSK\u00ddCH IHR\u00cdSK\"}]},{\"@type\":\"WebSite\",\"@id\":\"https:\/\/www.travicka.sk\/#website\",\"url\":\"https:\/\/www.travicka.sk\/\",\"name\":\"Tr\u00e1vi\u010dka.sk | Realistick\u00e1 umel\u00e1 tr\u00e1va\",\"description\":\"\",\"potentialAction\":[{\"@type\":\"SearchAction\",\"target\":{\"@type\":\"EntryPoint\",\"urlTemplate\":\"https:\/\/www.travicka.sk\/?s={search_term_string}\"},\"query-input\":{\"@type\":\"PropertyValueSpecification\",\"valueRequired\":true,\"valueName\":\"search_term_string\"}}],\"inLanguage\":\"sk-SK\"}]}<\/script>\n<!-- \/ Yoast SEO plugin. -->","yoast_head_json":{"title":"V\u00ddROBA A MONT\u00c1\u017d DETSK\u00ddCH IHR\u00cdSK - Tr\u00e1vi\u010dka.sk | Realistick\u00e1 umel\u00e1 tr\u00e1va","description":"Navrhujeme, vyr\u00e1bame a montujeme bezpe\u010dn\u00e9 a kvalitn\u00e9 detsk\u00e9 ihrisk\u00e1 pre \u0161koly, \u0161k\u00f4lky, obce aj s\u00fakromn\u00e9 z\u00e1hrady. Ka\u017ed\u00e9 ihrisko prisp\u00f4sobujeme konkr\u00e9tnemu priestoru, veku det\u00ed aj po\u017eiadavk\u00e1m z\u00e1kazn\u00edka.Pou\u017e\u00edvame odoln\u00e9 materi\u00e1ly s dlhou \u017eivotnos\u0165ou a db\u00e1me na maxim\u00e1lnu bezpe\u010dnos\u0165 a funk\u010dnos\u0165. Zabezpe\u010dujeme kompletn\u00fa realiz\u00e1ciu \u2013 od n\u00e1vrhu rie\u0161enia a\u017e po profesion\u00e1lnu mont\u00e1\u017e priamo na mieste.","robots":{"index":"index","follow":"follow","max-snippet":"max-snippet:-1","max-image-preview":"max-image-preview:large","max-video-preview":"max-video-preview:-1"},"canonical":"https:\/\/www.travicka.sk\/index.php\/vyroba-a-montaz-detskych-ihrisk\/","og_locale":"sk_SK","og_type":"article","og_title":"V\u00ddROBA A MONT\u00c1\u017d DETSK\u00ddCH IHR\u00cdSK","og_description":"Navrhujeme, vyr\u00e1bame a montujeme bezpe\u010dn\u00e9 a kvalitn\u00e9 detsk\u00e9 ihrisk\u00e1 pre \u0161koly, \u0161k\u00f4lky, obce aj s\u00fakromn\u00e9 z\u00e1hrady. Ka\u017ed\u00e9 ihrisko prisp\u00f4sobujeme konkr\u00e9tnemu priestoru, veku det\u00ed aj po\u017eiadavk\u00e1m z\u00e1kazn\u00edka.Pou\u017e\u00edvame odoln\u00e9 materi\u00e1ly s dlhou \u017eivotnos\u0165ou a db\u00e1me na maxim\u00e1lnu bezpe\u010dnos\u0165 a funk\u010dnos\u0165. Zabezpe\u010dujeme kompletn\u00fa realiz\u00e1ciu \u2013 od n\u00e1vrhu rie\u0161enia a\u017e po profesion\u00e1lnu mont\u00e1\u017e priamo na mieste.","og_url":"https:\/\/www.travicka.sk\/index.php\/vyroba-a-montaz-detskych-ihrisk\/","og_site_name":"Tr\u00e1vi\u010dka.sk | Realistick\u00e1 umel\u00e1 tr\u00e1va","article_modified_time":"2026-03-28T09:23:22+00:00","og_image":[{"width":1200,"height":900,"url":"https:\/\/www.travicka.sk\/wp-content\/uploads\/2026\/03\/ihrisko_detske_travicka.jpg","type":"image\/jpeg"}],"twitter_card":"summary_large_image","twitter_misc":{"Predpokladan\u00fd \u010das \u010d\u00edtania":"2 min\u00faty"},"schema":{"@context":"https:\/\/schema.org","@graph":[{"@type":"WebPage","@id":"https:\/\/www.travicka.sk\/index.php\/vyroba-a-montaz-detskych-ihrisk\/","url":"https:\/\/www.travicka.sk\/index.php\/vyroba-a-montaz-detskych-ihrisk\/","name":"V\u00ddROBA A MONT\u00c1\u017d DETSK\u00ddCH IHR\u00cdSK - Tr\u00e1vi\u010dka.sk | Realistick\u00e1 umel\u00e1 tr\u00e1va","isPartOf":{"@id":"https:\/\/www.travicka.sk\/#website"},"primaryImageOfPage":{"@id":"https:\/\/www.travicka.sk\/index.php\/vyroba-a-montaz-detskych-ihrisk\/#primaryimage"},"image":{"@id":"https:\/\/www.travicka.sk\/index.php\/vyroba-a-montaz-detskych-ihrisk\/#primaryimage"},"thumbnailUrl":"https:\/\/www.travicka.sk\/wp-content\/uploads\/2026\/03\/ihrisko_detske_travicka.jpg","datePublished":"2026-03-28T09:20:17+00:00","dateModified":"2026-03-28T09:23:22+00:00","description":"Navrhujeme, vyr\u00e1bame a montujeme bezpe\u010dn\u00e9 a kvalitn\u00e9 detsk\u00e9 ihrisk\u00e1 pre \u0161koly, \u0161k\u00f4lky, obce aj s\u00fakromn\u00e9 z\u00e1hrady. Ka\u017ed\u00e9 ihrisko prisp\u00f4sobujeme konkr\u00e9tnemu priestoru, veku det\u00ed aj po\u017eiadavk\u00e1m z\u00e1kazn\u00edka.Pou\u017e\u00edvame odoln\u00e9 materi\u00e1ly s dlhou \u017eivotnos\u0165ou a db\u00e1me na maxim\u00e1lnu bezpe\u010dnos\u0165 a funk\u010dnos\u0165. Zabezpe\u010dujeme kompletn\u00fa realiz\u00e1ciu \u2013 od n\u00e1vrhu rie\u0161enia a\u017e po profesion\u00e1lnu mont\u00e1\u017e priamo na mieste.","breadcrumb":{"@id":"https:\/\/www.travicka.sk\/index.php\/vyroba-a-montaz-detskych-ihrisk\/#breadcrumb"},"inLanguage":"sk-SK","potentialAction":[{"@type":"ReadAction","target":["https:\/\/www.travicka.sk\/index.php\/vyroba-a-montaz-detskych-ihrisk\/"]}]},{"@type":"ImageObject","inLanguage":"sk-SK","@id":"https:\/\/www.travicka.sk\/index.php\/vyroba-a-montaz-detskych-ihrisk\/#primaryimage","url":"https:\/\/www.travicka.sk\/wp-content\/uploads\/2026\/03\/ihrisko_detske_travicka.jpg","contentUrl":"https:\/\/www.travicka.sk\/wp-content\/uploads\/2026\/03\/ihrisko_detske_travicka.jpg","width":1200,"height":900},{"@type":"BreadcrumbList","@id":"https:\/\/www.travicka.sk\/index.php\/vyroba-a-montaz-detskych-ihrisk\/#breadcrumb","itemListElement":[{"@type":"ListItem","position":1,"name":"Domovsk\u00e1 str\u00e1nka","item":"https:\/\/www.travicka.sk\/"},{"@type":"ListItem","position":2,"name":"V\u00ddROBA A MONT\u00c1\u017d DETSK\u00ddCH IHR\u00cdSK"}]},{"@type":"WebSite","@id":"https:\/\/www.travicka.sk\/#website","url":"https:\/\/www.travicka.sk\/","name":"Tr\u00e1vi\u010dka.sk | Realistick\u00e1 umel\u00e1 tr\u00e1va","description":"","potentialAction":[{"@type":"SearchAction","target":{"@type":"EntryPoint","urlTemplate":"https:\/\/www.travicka.sk\/?s={search_term_string}"},"query-input":{"@type":"PropertyValueSpecification","valueRequired":true,"valueName":"search_term_string"}}],"inLanguage":"sk-SK"}]}},"_links":{"self":[{"href":"https:\/\/www.travicka.sk\/index.php\/wp-json\/wp\/v2\/pages\/8208","targetHints":{"allow":["GET"]}}],"collection":[{"href":"https:\/\/www.travicka.sk\/index.php\/wp-json\/wp\/v2\/pages"}],"about":[{"href":"https:\/\/www.travicka.sk\/index.php\/wp-json\/wp\/v2\/types\/page"}],"author":[{"embeddable":true,"href":"https:\/\/www.travicka.sk\/index.php\/wp-json\/wp\/v2\/users\/1"}],"replies":[{"embeddable":true,"href":"https:\/\/www.travicka.sk\/index.php\/wp-json\/wp\/v2\/comments?post=8208"}],"version-history":[{"count":5,"href":"https:\/\/www.travicka.sk\/index.php\/wp-json\/wp\/v2\/pages\/8208\/revisions"}],"predecessor-version":[{"id":8217,"href":"https:\/\/www.travicka.sk\/index.php\/wp-json\/wp\/v2\/pages\/8208\/revisions\/8217"}],"wp:featuredmedia":[{"embeddable":true,"href":"https:\/\/www.travicka.sk\/index.php\/wp-json\/wp\/v2\/media\/8209"}],"wp:attachment":[{"href":"https:\/\/www.travicka.sk\/index.php\/wp-json\/wp\/v2\/media?parent=8208"}],"curies":[{"name":"wp","href":"https:\/\/api.w.org\/{rel}","templated":true}]}}